{"id":9932,"date":"2024-12-21T21:17:24","date_gmt":"2024-12-21T20:17:24","guid":{"rendered":"https:\/\/sf-mi.com\/legal-information-and-privacy-policy\/"},"modified":"2025-10-02T21:18:08","modified_gmt":"2025-10-02T19:18:08","slug":"legal-information-and-privacy-policy","status":"publish","type":"page","link":"https:\/\/sf-mi.com\/en\/legal-information-and-privacy-policy\/","title":{"rendered":"LEGAL INFORMATION AND PRIVACY POLICY"},"content":{"rendered":"<div class=\"wpb-content-wrapper\"><p>[vc_row][vc_column width=&#8221;1\/1&#8243;][vc_column_text css=&#8221;&#8221;]<\/p>\n<h2><strong>Legal Notice and RGPD<\/strong>:<\/h2>\n<p>&nbsp;<\/p>\n<p><strong>Site publisher<br \/>\n<\/strong>The site is published by : SFMI<br \/>\nAddress: 5, Rue Pierre Fr\u00e9sard F-25140 Charquemont<br \/>\nTelephone: +33 (0)3 39 53 06 69<br \/>\nEmail: <a href=\"mailto:info.charquemont@sf-mi.com\">info.charquemont@sf-mi.com<\/a><br \/>\nSiret: 392 056 354 000 54<br \/>\nPublication manager: G\u00e9raldine Tirmarche<\/p>\n<p><strong>Site host<\/strong><br \/>\nThe site is hosted by : OCI<br \/>\nAddress: Rue Fr\u00e9d\u00e9ric Japy, 25200 Montb\u00e9liard<br \/>\nTelephone: +33 9 69 39 40 60<br \/>\nEmail: jbazin@oci.fr<\/p>\n<p><strong>Intellectual property<\/strong><br \/>\nAll content on this site (text, images, logos, videos, etc.) is the exclusive property of SFMI unless otherwise stated. Any reproduction, distribution, modification or use, even partial, of these elements is strictly forbidden without the written authorization of SFMI.<\/p>\n<p>&nbsp;<\/p>\n<h2><strong>Privacy Policy (RGPD)<\/strong><\/h2>\n<p>&nbsp;<\/p>\n<p><strong>Data collected<\/strong><br \/>\nWe collect personal data via :<\/p>\n<ul>\n<li>Contact forms (last name, first name, email, telephone, message)<\/li>\n<li>Newsletter subscription<\/li>\n<li>Online applications<\/li>\n<\/ul>\n<p>This data is only used to respond to your requests, manage our business interactions, or, with your consent, send you marketing information.<br \/>\n<strong><br \/>\nPurpose of processing<\/strong><br \/>\nThe personal data collected is used to:<\/p>\n<ul>\n<li>Respond to requests sent via the contact form.<\/li>\n<li>Manage applications and recruitment processes.<\/li>\n<li>Provide information about our products and services.<\/li>\n<\/ul>\n<p><strong>Retention period<\/strong><br \/>\nYour personal data is kept :<\/p>\n<ul>\n<li>For applications: for a maximum of 6 months.<\/li>\n<li>For customer\/prospect contacts: up to 3 years after the last interaction.<\/li>\n<\/ul>\n<p><strong>Your rights<\/strong><br \/>\nIn accordance with the RGPD, you have the following rights:<\/p>\n<ul>\n<li><strong>Access<\/strong>: You can ask to see the data we hold on you.<\/li>\n<li><strong>Rectification<\/strong>: You can request the correction of inaccurate data.<\/li>\n<li><strong>Deletion<\/strong>: You may request the deletion of your personal data.<\/li>\n<li><strong>Opposition<\/strong>: You may refuse the use of your data for marketing purposes.<\/li>\n<li><strong>Portability<\/strong>: You can receive your data in a structured and readable format.<\/li>\n<\/ul>\n<p>To exercise your rights, contact us at: <a href=\"mailto:info.charquemont@sf-mi.com\">info.charquemont@sf-mi.com<\/a><\/p>\n<p><strong>Cookies<\/strong><br \/>\nWe use cookies to enhance your experience on our site. You can manage your cookie preferences directly in your browser settings.<\/p>\n<p><strong>Data security<\/strong><br \/>\nWe implement technical and organizational measures to guarantee the security of your personal data and prevent unauthorized access.<\/p>\n<p><strong>Contact<\/strong><br \/>\nIf you have any questions about the protection of your personal data, you can contact us at: <a href=\"mailto:info.charquemont@sf-mi.com\">info.charquemont@sf-mi.com<\/a>[\/vc_column_text]<div class=\"simple_line shortcoded\" style=\"border-bottom-color:#FFFFFF;border-bottom-width:140px;\"><\/div>[\/vc_column][\/vc_row]<\/p>\n<\/div>","protected":false},"excerpt":{"rendered":"<p>[vc_row][vc_column width=&#8221;1\/1&#8243;][vc_column_text css=&#8221;&#8221;] Legal Notice and RGPD: &nbsp; Site publisher The site is published by : SFMI Address: 5, Rue Pierre Fr\u00e9sard F-25140 Charquemont Telephone: +33 (0)3 39 53 06 69 Email: info.charquemont@sf-mi.com Siret: 392 056 354 000 54 Publication manager: G\u00e9raldine Tirmarche Site host The site is hosted by : OCI Address: Rue Fr\u00e9d\u00e9ric [&hellip;]<\/p>\n","protected":false},"author":1,"featured_media":0,"parent":0,"menu_order":0,"comment_status":"closed","ping_status":"closed","template":"","meta":{"_themeisle_gutenberg_block_has_review":false,"footnotes":""},"class_list":["post-9932","page","type-page","status-publish","hentry"],"acf":[],"_links":{"self":[{"href":"https:\/\/sf-mi.com\/en\/wp-json\/wp\/v2\/pages\/9932","targetHints":{"allow":["GET"]}}],"collection":[{"href":"https:\/\/sf-mi.com\/en\/wp-json\/wp\/v2\/pages"}],"about":[{"href":"https:\/\/sf-mi.com\/en\/wp-json\/wp\/v2\/types\/page"}],"author":[{"embeddable":true,"href":"https:\/\/sf-mi.com\/en\/wp-json\/wp\/v2\/users\/1"}],"replies":[{"embeddable":true,"href":"https:\/\/sf-mi.com\/en\/wp-json\/wp\/v2\/comments?post=9932"}],"version-history":[{"count":35,"href":"https:\/\/sf-mi.com\/en\/wp-json\/wp\/v2\/pages\/9932\/revisions"}],"predecessor-version":[{"id":11697,"href":"https:\/\/sf-mi.com\/en\/wp-json\/wp\/v2\/pages\/9932\/revisions\/11697"}],"wp:attachment":[{"href":"https:\/\/sf-mi.com\/en\/wp-json\/wp\/v2\/media?parent=9932"}],"curies":[{"name":"wp","href":"https:\/\/api.w.org\/{rel}","templated":true}]}}