{"id":11071,"date":"2025-01-12T15:57:16","date_gmt":"2025-01-12T14:57:16","guid":{"rendered":"https:\/\/sf-mi.com\/contactos\/"},"modified":"2025-10-01T08:28:56","modified_gmt":"2025-10-01T06:28:56","slug":"contactos","status":"publish","type":"page","link":"https:\/\/sf-mi.com\/pt-pt\/contactos\/","title":{"rendered":"CONTACTOS"},"content":{"rendered":"<div class=\"wpb-content-wrapper\"><p>[vc_row][vc_column width=&#8221;1\/1&#8243;][\/vc_column][\/vc_row][vc_row top_padding=&#8221;72px&#8221; bottom_padding=&#8221;72px&#8221; bk_element=&#8221;colored&#8221; bg_color=&#8221;#ffffff&#8221; el_id=&#8221;sobre&#8221;][vc_column width=&#8221;1\/1&#8243;]<div class=\"pulse_spacer clearfix\" style=\"height:8px;\"><\/div><div class=\"prk_shortcode-title prk_break_word pulse_center_align wpb_animate_when_almost_visible wpb_pulse_fade_waypoint h5_sized\"><div class=\"header_font zero_color prk_vc_title\" style=\"color:#004795;text-shadow:0px 0px 1px rgba(0, 71, 149,0.2);\"><h5 style=\"font-weight:600;\">UMA PERGUNTA?<\/h5><\/div><div class=\"clearfix\"><\/div><\/div><div class=\"prk_shortcode-title prk_break_word pulse_center_align wpb_animate_when_almost_visible wpb_pulse_fade_waypoint h3_sized\"><div class=\"header_font zero_color prk_vc_title\" style=\"color:#000000;text-shadow:0px 0px 1px rgba(0, 0, 0,0.2);margin-bottom:6px;\"><h3 style=\"font-weight:600;\">N\u00e3o hesite em contactar-nos<\/h3><\/div><div class=\"clearfix\"><\/div><\/div><div class=\"simple_line shortcoded\" style=\"border-bottom-color:#FFFFFF;width:80;\"><\/div>[vc_single_image image=&#8221;8046&#8243; alignment=&#8221;center&#8221;]<div class=\"prk_text_rotator header_font per_init h1_sized\"><div class=\"cd-headline old_timey\" data-speed=\"2500\"><span><\/span><span class=\"cd-words-wrapper\"><b class=\"is-visible\">SFMI<\/b><\/span><\/div><\/div><div class=\"pulse_spacer clearfix\" style=\"height:28px;\"><\/div>[vc_column_text css=&#8221;&#8221;]<\/p>\n<h4 style=\"text-align: center;\">5, Rue Pierre Fr\u00e9sard<br \/>\nF-25140 Charquemont<\/h4>\n<h4 style=\"text-align: center;\">+33 (0)3 39 53 06 69<br \/>\ninfo.charquemont@sf-mi.com<\/h4>\n<p>&nbsp;<\/p>\n<h4 style=\"text-align: center;\">Hor\u00e1rio de funcionamento: das 8h \u00e0s 17h<\/h4>\n<p>[\/vc_column_text][\/vc_column][\/vc_row]<\/p>\n<\/div>","protected":false},"excerpt":{"rendered":"<p>[vc_row][vc_column width=&#8221;1\/1&#8243;][\/vc_column][\/vc_row][vc_row top_padding=&#8221;72px&#8221; bottom_padding=&#8221;72px&#8221; bk_element=&#8221;colored&#8221; bg_color=&#8221;#ffffff&#8221; el_id=&#8221;sobre&#8221;][vc_column width=&#8221;1\/1&#8243;][vc_single_image image=&#8221;8046&#8243; alignment=&#8221;center&#8221;][vc_column_text css=&#8221;&#8221;] 5, Rue Pierre Fr\u00e9sard F-25140 Charquemont +33 (0)3 39 53 06 69 info.charquemont@sf-mi.com &nbsp; Hor\u00e1rio de funcionamento: das 8h \u00e0s 17h [\/vc_column_text][\/vc_column][\/vc_row]<\/p>\n","protected":false},"author":1,"featured_media":0,"parent":0,"menu_order":0,"comment_status":"closed","ping_status":"closed","template":"","meta":{"_themeisle_gutenberg_block_has_review":false,"footnotes":""},"class_list":["post-11071","page","type-page","status-publish","hentry"],"acf":[],"_links":{"self":[{"href":"https:\/\/sf-mi.com\/pt-pt\/wp-json\/wp\/v2\/pages\/11071","targetHints":{"allow":["GET"]}}],"collection":[{"href":"https:\/\/sf-mi.com\/pt-pt\/wp-json\/wp\/v2\/pages"}],"about":[{"href":"https:\/\/sf-mi.com\/pt-pt\/wp-json\/wp\/v2\/types\/page"}],"author":[{"embeddable":true,"href":"https:\/\/sf-mi.com\/pt-pt\/wp-json\/wp\/v2\/users\/1"}],"replies":[{"embeddable":true,"href":"https:\/\/sf-mi.com\/pt-pt\/wp-json\/wp\/v2\/comments?post=11071"}],"version-history":[{"count":9,"href":"https:\/\/sf-mi.com\/pt-pt\/wp-json\/wp\/v2\/pages\/11071\/revisions"}],"predecessor-version":[{"id":11690,"href":"https:\/\/sf-mi.com\/pt-pt\/wp-json\/wp\/v2\/pages\/11071\/revisions\/11690"}],"wp:attachment":[{"href":"https:\/\/sf-mi.com\/pt-pt\/wp-json\/wp\/v2\/media?parent=11071"}],"curies":[{"name":"wp","href":"https:\/\/api.w.org\/{rel}","templated":true}]}}