{"id":11077,"date":"2025-01-01T14:26:29","date_gmt":"2025-01-01T13:26:29","guid":{"rendered":"https:\/\/sf-mi.com\/inicio-sfmi-2\/"},"modified":"2025-03-17T11:00:31","modified_gmt":"2025-03-17T10:00:31","slug":"inicio","status":"publish","type":"page","link":"https:\/\/sf-mi.com\/pt-pt\/inicio\/","title":{"rendered":"IN\u00cdCIO"},"content":{"rendered":"<div class=\"wpb-content-wrapper\"><p>[vc_row top_padding=&#8221;72px&#8221; bottom_padding=&#8221;72px&#8221; bk_element=&#8221;colored&#8221; bg_color=&#8221;#ffffff&#8221; el_id=&#8221;sobre&#8221;][vc_column width=&#8221;1\/1&#8243;]<div class=\"pulse_spacer clearfix\" style=\"height:8px;\"><\/div><div class=\"prk_shortcode-title prk_break_word pulse_center_align wpb_animate_when_almost_visible wpb_pls_pulse h5_sized\"><div class=\"header_font zero_color prk_vc_title\" style=\"color:#004795;text-shadow:0px 0px 1px rgba(0, 71, 149,0.2);\"><h5 style=\"font-weight:600;\">SFMI<\/h5><\/div><div class=\"clearfix\"><\/div><\/div><div class=\"pulse_spacer clearfix\" style=\"height:28px;\"><\/div><div class=\"prk_shortcode-title prk_break_word pulse_center_align wpb_animate_when_almost_visible wpb_pls_pulse h3_sized\"><div class=\"header_font zero_color prk_vc_title\" style=\"color:#000000;text-shadow:0px 0px 1px rgba(0, 0, 0,0.2);margin-bottom:6px;\"><h3 style=\"font-weight:600;\">Especialista no design e fabrica\u00e7\u00e3o de pe\u00e7as met\u00e1licas de alta qualidade para a ind\u00fastria do luxo, unimos inova\u00e7\u00e3o, precis\u00e3o e excel\u00eancia.<\/h3><\/div><div class=\"clearfix\"><\/div><\/div><div class=\"pulse_spacer clearfix\" style=\"height:28px;\"><\/div>[vc_column_text css=&#8221;&#8221; css_animation=&#8221;pulse_fade_waypoint&#8221; el_class=&#8221;small-9 columns small-centered&#8221;]<\/p>\n<h4 data-start=\"162\" data-end=\"187\"><strong data-start=\"166\" data-end=\"185\">O nosso saber fazer :<\/strong><\/h4>\n<ul data-start=\"189\" data-end=\"599\">\n<li data-start=\"189\" data-end=\"313\"><strong data-start=\"191\" data-end=\"216\">Marroquinaria de luxo<\/strong>: Fivelas de cintos e sapatos, fechos de bolsas, an\u00e9is de len\u00e7os e diversos acess\u00f3rios de moda.<\/li>\n<li data-start=\"314\" data-end=\"396\"><strong data-start=\"316\" data-end=\"375\">Artes da mesa &amp; acess\u00f3rios de escrit\u00f3rio de alto padr\u00e3o<\/strong>: Pe\u00e7as de exce\u00e7\u00e3o.<\/li>\n<li data-start=\"397\" data-end=\"505\"><strong data-start=\"399\" data-end=\"426\">Instrumentos de escrita<\/strong>: Design e fabrica\u00e7\u00e3o de corpos de canetas e cria\u00e7\u00e3o de decora\u00e7\u00f5es laqueadas.<\/li>\n<li data-start=\"506\" data-end=\"599\"><strong data-start=\"508\" data-end=\"529\">Pe\u00e7as industriais<\/strong>: Componentes t\u00e9cnicos que combinam precis\u00e3o e resist\u00eancia mec\u00e2nica.<\/li>\n<\/ul>\n<h4 data-start=\"606\" data-end=\"636\"><strong data-start=\"610\" data-end=\"634\">O que nos distingue:<\/strong><\/h4>\n<ul data-start=\"638\" data-end=\"919\">\n<li data-start=\"638\" data-end=\"707\"><strong data-start=\"640\" data-end=\"666\">Capacidade de inova\u00e7\u00e3o<\/strong> para atender \u00e0s mais altas exig\u00eancias.<\/li>\n<li data-start=\"708\" data-end=\"804\"><strong data-start=\"710\" data-end=\"734\">Produ\u00e7\u00e3o respons\u00e1vel<\/strong>, comprometida com a sustentabilidade e o respeito pelo meio ambiente.<\/li>\n<li data-start=\"805\" data-end=\"919\"><strong data-start=\"807\" data-end=\"840\">Equipa talentosa e apaixonada<\/strong>, que coloca a escuta e a satisfa\u00e7\u00e3o dos clientes no centro da sua abordagem.<\/li>\n<\/ul>\n<p data-start=\"926\" data-end=\"1015\">Descobrir a <strong data-start=\"938\" data-end=\"946\">SFMI<\/strong> \u00e9 escolher produtos de exce\u00e7\u00e3o, concebidos com paix\u00e3o e expertise.<\/p>\n<p data-start=\"1017\" data-end=\"1114\"><strong data-start=\"1017\" data-end=\"1112\">Explore o nosso universo e entre em contato para saber mais ou fazer parte de nossas equipas.<\/strong><\/p>\n<p>[\/vc_column_text]<div class=\"prk_service prk_service_center\" data-color=\"default\" data-default=\"default\"><i class=\" colored_link_icon small_headings_color\"><\/i><div class=\"clearfix\"><\/div><div class=\"prk_service_ctt\"><h4 class=\"big zero_color header_font prk_heavier_600\"><\/h4><div class=\"clearfix\"><\/div><div class=\"pulse_service_desc wpb_text_column prk_9_em\"><\/div><\/div><\/div><div class=\"simple_line shortcoded\" style=\"border-bottom-color:#FFFFFF;border-bottom-width:60px;\"><\/div>[vc_column_text css=&#8221;&#8221;]\r\n    <div>        \r\n    <video id=\"plyr69e4d7e4c7259\" autoplay controls class=\"easy-video-player\">\r\n       <source src=\"https:\/\/k69l7aiwbk.preview.infomaniak.website\/wp-content\/uploads\/2025\/01\/SFMI-Nouvelle-version_SD.mp4\" type=\"video\/mp4\" \/>\r\n    <\/video>\r\n    <\/div>    <script>\r\n        const evplayerplyr69e4d7e4c7259 = new Plyr(document.getElementById('plyr69e4d7e4c7259'));\r\n        evplayerplyr69e4d7e4c7259.ratio = '16:9';\r\n        evplayerplyr69e4d7e4c7259.iconUrl = 'https:\/\/sf-mi.com\/wp-content\/plugins\/easy-video-player\/lib\/plyr.svg';\r\n        evplayerplyr69e4d7e4c7259.blankVideo = 'https:\/\/sf-mi.com\/wp-content\/plugins\/easy-video-player\/lib\/blank.mp4';  \r\n    <\/script>[\/vc_column_text]<div class=\"simple_line shortcoded\" style=\"border-bottom-color:#FFFFFF;border-bottom-width:60px;\"><\/div><div class=\"simple_line shortcoded\" style=\"border-bottom-color:#FFFFFF;border-bottom-width:#;\"><\/div>[\/vc_column][\/vc_row][vc_row bk_type=&#8221;pulse_full_row&#8221; font_color=&#8221;#5A626A&#8221; pulse_inv_cols=&#8221;yes&#8221; bg_color=&#8221;#e7ebec&#8221;][vc_column column_height=&#8221;pulse_forced_clm&#8221; css_animation=&#8221;pls_fadeInLeftBig&#8221; width=&#8221;1\/2&#8243; bg_image=&#8221;11537&#8243;][\/vc_column][vc_column col_width=&#8221;70&#8243; width=&#8221;1\/2&#8243;]<div class=\"pulse_spacer clearfix\" style=\"height:80px;\"><\/div><div class=\"prk_shortcode-title prk_break_word pulse_left_align wpb_animate_when_almost_visible wpb_pulse_fade_waypoint h5_sized\"><div class=\"header_font zero_color prk_vc_title\" style=\"color:#004795;text-shadow:0px 0px 1px rgba(0, 71, 149,0.2);\"><h5 style=\"font-weight:600;\">A NOSSA VIS\u00c3O<\/h5><\/div><div class=\"clearfix\"><\/div><\/div><div class=\"prk_shortcode-title prk_break_word pulse_left_align wpb_animate_when_almost_visible wpb_pulse_fade_waypoint h2_sized\"><div class=\"header_font zero_color prk_vc_title\" style=\"margin-bottom:18px;\"><h2 style=\"font-weight:900;\">VALORES S\u00d3LIDOS PARA IR MAIS LONGE<\/h2><\/div><div class=\"clearfix\"><\/div><\/div>[vc_column_text css=&#8221;&#8221; css_animation=&#8221;pulse_fade_waypoint&#8221;]<\/p>\n<p data-start=\"64\" data-end=\"96\"><strong data-start=\"68\" data-end=\"94\">COMUNICA\u00c7\u00c3O &amp; RESPEITO<\/strong><br \/>\nTrocas sinceras e construtivas.<\/p>\n<p><strong data-start=\"136\" data-end=\"165\">COMPROMISSO &amp; INTEGRIDADE<\/strong><br \/>\nAgir com responsabilidade e transpar\u00eancia.<\/p>\n<p><strong data-start=\"218\" data-end=\"229\">OUSADIA<\/strong><br \/>\nOusar inovar e enfrentar novos desafios.<\/p>\n<p><strong data-start=\"280\" data-end=\"291\">AMBI\u00c7\u00c3O<\/strong><br \/>\nBuscar a excel\u00eancia em tudo o que fazemos.<\/p>\n<p><strong data-start=\"344\" data-end=\"361\">SOLIDARIEDADE<\/strong><br \/>\nCompartilhar sucessos e desafios, avan\u00e7ando juntos.<\/p>\n<p>&nbsp;<\/p>\n<p>\u00c9 assim que constru\u00edmos um futuro sustent\u00e1vel e de alto desempenho.[\/vc_column_text]<div class=\"pulse_spacer clearfix\" style=\"height:18px;\"><\/div><div class=\"pulse_spacer clearfix\" style=\"height:80px;\"><\/div>[\/vc_column][\/vc_row][vc_row bk_type=&#8221;pulse_full_row&#8221; bk_element=&#8221;colored&#8221; font_color=&#8221;#707b86&#8243; bg_color=&#8221;#e7ebec&#8221;][vc_column align=&#8221;pulse_right_align&#8221; col_width=&#8221;70&#8243; width=&#8221;1\/2&#8243;][vc_column_text][\/vc_column_text]<div class=\"pulse_spacer clearfix\" style=\"height:80px;\"><\/div><div class=\"prk_shortcode-title prk_break_word pulse_right_align wpb_animate_when_almost_visible wpb_pulse_fade_waypoint h5_sized\"><div class=\"header_font zero_color prk_vc_title\" style=\"color:#1E73BE;text-shadow:0px 0px 1px rgba(30, 115, 190,0.2);\"><h5 style=\"font-weight:600;\">A NOSSA MISS\u00c3O<\/h5><\/div><div class=\"clearfix\"><\/div><\/div><div class=\"prk_shortcode-title prk_break_word pulse_right_align wpb_animate_when_almost_visible wpb_pulse_fade_waypoint h2_sized\"><div class=\"header_font zero_color prk_vc_title\" style=\"margin-bottom:18px;\"><h2 style=\"font-weight:900;\">CRIAR DE FORMA SUSTENT\u00c1VEL, INOVAR COM RESPEITO<\/h2><\/div><div class=\"clearfix\"><\/div><\/div>[vc_column_text css=&#8221;&#8221; css_animation=&#8221;pulse_fade_waypoint&#8221;]<\/p>\n<p data-start=\"78\" data-end=\"169\">Criamos produtos dur\u00e1veis por meio de processos inovadores e ambientalmente respons\u00e1veis.<\/p>\n<p data-start=\"171\" data-end=\"195\">A nossa ambi\u00e7\u00e3o?<strong data-start=\"175\" data-end=\"193\"><br \/>\n<\/strong><strong>Excel\u00eancia para os nossos clientes, valoriza\u00e7\u00e3o dos nossos talentos e constru\u00e7\u00e3o de parcerias s\u00f3lidas e duradouras com os nossos fornecedores.<\/strong>[\/vc_column_text]<div class=\"pulse_spacer clearfix\" style=\"height:120px;\"><\/div>[\/vc_column][vc_column column_height=&#8221;pulse_forced_clm&#8221; css_animation=&#8221;pls_fadeInRightBig&#8221; width=&#8221;1\/2&#8243; bg_image=&#8221;10092&#8243;][vc_column_text][\/vc_column_text][\/vc_column][\/vc_row][vc_row bk_type=&#8221;pulse_full_row&#8221; font_color=&#8221;#707b86&#8243; pulse_inv_cols=&#8221;yes&#8221; bg_color=&#8221;#e7ebec&#8221;][vc_column column_height=&#8221;pulse_forced_clm&#8221; css_animation=&#8221;pls_fadeInLeftBig&#8221; width=&#8221;1\/2&#8243; bg_image=&#8221;10119&#8243;][vc_column_text][\/vc_column_text][\/vc_column][vc_column col_width=&#8221;70&#8243; width=&#8221;1\/2&#8243;]<div class=\"pulse_spacer clearfix\" style=\"height:80px;\"><\/div><div class=\"prk_shortcode-title prk_break_word pulse_left_align wpb_animate_when_almost_visible wpb_pulse_fade_waypoint h5_sized\"><div class=\"header_font zero_color prk_vc_title\" style=\"color:#1E73BE;text-shadow:0px 0px 1px rgba(30, 115, 190,0.2);\"><h5 style=\"font-weight:600;\">A NOSSA FOR\u00c7A<\/h5><\/div><div class=\"clearfix\"><\/div><\/div><div class=\"prk_shortcode-title prk_break_word pulse_left_align wpb_animate_when_almost_visible wpb_pulse_fade_waypoint h2_sized\"><div class=\"header_font zero_color prk_vc_title\" style=\"margin-bottom:18px;\"><h2 style=\"font-weight:900;\">AS NOSSAS EQUIPAS, O NOSSO MAIOR TRUNFO<\/h2><\/div><div class=\"clearfix\"><\/div><\/div>[vc_column_text css=&#8221;&#8221; css_animation=&#8221;pulse_fade_waypoint&#8221;]<\/p>\n<p data-start=\"64\" data-end=\"244\">Reunimos talentos em equipas diversificadas, combinando a <strong>motiva\u00e7\u00e3o da nova gera\u00e7\u00e3o<\/strong> com a <strong>experi\u00eancia dos nossos colaboradores mais experientes<\/strong>, para juntos construirmos o futuro.<\/p>\n<p data-start=\"246\" data-end=\"424\">Com especialistas e <span lang=\"PT\">formadores<\/span>\u00a0apaixonados, transmitimos e aprimoramos um know-how \u00fanico, garantindo <strong>uma agilidade exemplar<\/strong> para enfrentar desafios e aproveitar oportunidades.<\/p>\n<p data-start=\"426\" data-end=\"587\">Cultivamos um ambiente <strong>colaborativo e inspirador<\/strong>, onde cada indiv\u00edduo \u00e9 incentivado a inovar, se superar e contribuir ativamente para o nosso sucesso coletivo.<\/p>\n<p data-start=\"589\" data-end=\"739\">Essa sinergia impulsiona o crescimento das nossas equipas e se reflete diretamente na <strong>satisfa\u00e7\u00e3o dos nossos clientes e no nosso sucesso compartilhado.<\/strong><\/p>\n<p>[\/vc_column_text]<div class=\"pulse_spacer clearfix\" style=\"height:80px;\"><\/div>[\/vc_column][\/vc_row][vc_row bk_type=&#8221;pulse_full_row&#8221; top_padding=&#8221;72px&#8221; hide_with_css=&#8221;hide_later,hide_much_later&#8221; el_id=&#8221;trabalho&#8221;][vc_column col_width=&#8221;60&#8243; width=&#8221;1\/1&#8243;]<div class=\"pulse_spacer clearfix\" style=\"height:44px;\"><\/div><div class=\"prk_shortcode-title prk_break_word pulse_center_align wpb_animate_when_almost_visible wpb_pulse_fade_waypoint h5_sized\"><div class=\"header_font zero_color prk_vc_title\" style=\"color:#1E73BE;text-shadow:0px 0px 1px rgba(30, 115, 190,0.2);\"><h5 style=\"font-weight:600;\">A NOSSA HIST\u00d3RIA<\/h5><\/div><div class=\"clearfix\"><\/div><\/div><div class=\"prk_shortcode-title prk_break_word pulse_center_align wpb_animate_when_almost_visible wpb_pulse_fade_waypoint h2_sized\"><div class=\"header_font zero_color prk_vc_title\" style=\"margin-bottom:18px;\"><h2 style=\"font-weight:900;\">DESDE 1960, UMA HIST\u00d3RIA APAIXONANTE<\/h2><\/div><div class=\"clearfix\"><\/div><\/div>[vc_column_text css=&#8221;&#8221; css_animation=&#8221;pulse_fade_waypoint&#8221;]<\/p>\n<p style=\"text-align: center;\" data-start=\"69\" data-end=\"201\">Fundada em 1960, a <strong data-start=\"88\" data-end=\"96\">SFMI<\/strong> tem o orgulho de compartilhar uma trajet\u00f3ria marcada por momentos significativos e uma evolu\u00e7\u00e3o not\u00e1vel.<\/p>\n<p style=\"text-align: center;\" data-start=\"203\" data-end=\"321\">Na \u00faltima d\u00e9cada, a empresa acelerou o seu crescimento por meio de trocas enriquecedoras e um dinamismo internacional.<\/p>\n<p>[\/vc_column_text][vc_column_text css=&#8221;&#8221;]<\/p>\n<p style=\"text-align: left;\"><\/p>\n<p>[\/vc_column_text]<div class=\"pulse_spacer clearfix\" style=\"height:18px;\"><\/div><div class=\"simple_line shortcoded\" style=\"border-bottom-color:#FFFFFF;border-bottom-width:100px;\"><\/div>[\/vc_column][\/vc_row][vc_row bk_type=&#8221;pulse_full_row&#8221; top_padding=&#8221;72px&#8221; hide_with_css=&#8221;show_later&#8221;][vc_column col_width=&#8221;60&#8243; width=&#8221;1\/1&#8243;]<div class=\"pulse_spacer clearfix\" style=\"height:44px;\"><\/div><div class=\"prk_shortcode-title prk_break_word pulse_center_align wpb_animate_when_almost_visible wpb_pulse_fade_waypoint h5_sized\"><div class=\"header_font zero_color prk_vc_title\" style=\"color:#1E73BE;text-shadow:0px 0px 1px rgba(30, 115, 190,0.2);\"><h5 style=\"font-weight:600;\">A NOSSA HIST\u00d3RIA<\/h5><\/div><div class=\"clearfix\"><\/div><\/div><div class=\"prk_shortcode-title prk_break_word pulse_center_align wpb_animate_when_almost_visible wpb_pulse_fade_waypoint h2_sized\"><div class=\"header_font zero_color prk_vc_title\" style=\"margin-bottom:18px;\"><h2 style=\"font-weight:900;\">DESDE 1960, UMA HIST\u00d3RIA APAIXONANTE<\/h2><\/div><div class=\"clearfix\"><\/div><\/div>[vc_column_text css=&#8221;&#8221; css_animation=&#8221;pulse_fade_waypoint&#8221;]<\/p>\n<p style=\"text-align: center;\" data-start=\"69\" data-end=\"201\">Fundada em 1960, a <strong data-start=\"88\" data-end=\"96\">SFMI<\/strong> tem o orgulho de compartilhar uma trajet\u00f3ria marcada por momentos significativos e uma evolu\u00e7\u00e3o not\u00e1vel.<\/p>\n<p style=\"text-align: center;\" data-start=\"203\" data-end=\"321\">Na \u00faltima d\u00e9cada, a empresa acelerou o seu crescimento por meio de trocas enriquecedoras e um dinamismo internacional.<\/p>\n<p>[\/vc_column_text][vc_column_text css=&#8221;&#8221;]<\/p>\n<p style=\"text-align: left;\"><\/p>\n<p>[\/vc_column_text]<div class=\"pulse_spacer clearfix\" style=\"height:18px;\"><\/div><div class=\"simple_line shortcoded\" style=\"border-bottom-color:#FFFFFF;border-bottom-width:100px;\"><\/div>[\/vc_column][\/vc_row][vc_row top_padding=&#8221;90px&#8221; bottom_padding=&#8221;120px&#8221; bk_element=&#8221;image&#8221; bg_image_repeat=&#8221;pulse_cover&#8221; font_color=&#8221;#ffffff&#8221; bg_color=&#8221;#004795&#8243;][vc_column width=&#8221;1\/1&#8243;]<div class=\"pulse_spacer clearfix\" style=\"height:60px;\"><\/div><div class=\"pulse_spacer clearfix\" style=\"height:28px;\"><\/div><div class=\"pulse_spacer clearfix\" style=\"height:8px;\"><\/div><div class=\"prk_shortcode-title prk_break_word pulse_center_align wpb_animate_when_almost_visible wpb_pulse_fade_waypoint h2_sized\"><div class=\"header_font zero_color prk_vc_title\" style=\"color:#FFFFFF;text-shadow:0px 0px 1px rgba(255, 255, 255,0.2);margin-bottom:8px;\"><h2 style=\"font-weight:800;\">SFMI EM N\u00daMEROS<\/h2><\/div><div class=\"clearfix\"><\/div><\/div><div class=\"pulse_spacer clearfix\" style=\"height:54px;\"><\/div>[vc_row_inner][vc_column_inner width=&#8221;1\/4&#8243;]<div class=\"prk_counter_wrapper prk_counter_center wpb_animate_when_almost_visible wpb_bottom-to-top\"><i class=\"mdi-coffee colored_link_icon\"><\/i><div class=\"clearfix\"><\/div><div id=\"pulse_counter_930\" class=\"header_font pulse_counter\" data-prefix=\"\" data-suffix=\"\"  data-thousands=\"\" data-origin=\"0\" data-counter=\"20000\" data-duration=\"3000\">&nbsp;<\/div><div class=\"pulse_counter_desc header_font\">CH\u00c1VENAS DE CAF\u00c9 POR M\u00caS<\/div><\/div>[\/vc_column_inner][vc_column_inner width=&#8221;1\/4&#8243;]<div class=\"prk_counter_wrapper prk_counter_center wpb_animate_when_almost_visible wpb_bottom-to-top delay-300\"><i class=\"mdi-heart colored_link_icon\"><\/i><div class=\"clearfix\"><\/div><div id=\"pulse_counter_913\" class=\"header_font pulse_counter\" data-prefix=\"\" data-suffix=\"\"  data-thousands=\"\" data-origin=\"0\" data-counter=\"850\" data-duration=\"3000\">&nbsp;<\/div><div class=\"pulse_counter_desc header_font\">COLABORADORES<br \/>\nNO MUNDO<\/div><\/div>[\/vc_column_inner][vc_column_inner width=&#8221;1\/4&#8243;]<div class=\"prk_counter_wrapper prk_counter_center wpb_animate_when_almost_visible wpb_bottom-to-top delay-600\"><i class=\"mdi-map-marker-circle colored_link_icon\"><\/i><div class=\"clearfix\"><\/div><div id=\"pulse_counter_191\" class=\"header_font pulse_counter\" data-prefix=\"\" data-suffix=\"\"  data-thousands=\"\" data-origin=\"0\" data-counter=\"4\" data-duration=\"3000\">&nbsp;<\/div><div class=\"pulse_counter_desc header_font\">PA\u00cdSES PARA GARANTIR A NOSSA PRESEN\u00c7A INTERNACIONAL<\/div><\/div>[\/vc_column_inner][vc_column_inner width=&#8221;1\/4&#8243;]<div class=\"prk_counter_wrapper prk_counter_center wpb_animate_when_almost_visible wpb_bottom-to-top delay-900\"><i class=\"mdi-auto-fix colored_link_icon\"><\/i><div class=\"clearfix\"><\/div><div id=\"pulse_counter_989\" class=\"header_font pulse_counter\" data-prefix=\"\" data-suffix=\"\"  data-thousands=\"\" data-origin=\"0\" data-counter=\"1500000\" data-duration=\"3000\">&nbsp;<\/div><div class=\"pulse_counter_desc header_font\">PE\u00c7AS MET\u00c1LICAS<br \/>\nPOR ANO<\/div><\/div>[\/vc_column_inner][\/vc_row_inner]<div class=\"pulse_spacer clearfix\" style=\"height:60px;\"><\/div>[\/vc_column][\/vc_row][vc_row top_padding=&#8221;72px&#8221; bottom_padding=&#8221;48px&#8221; el_id=&#8221;equipa&#8221;][vc_column width=&#8221;1\/1&#8243;]<div class=\"simple_line shortcoded\" style=\"border-bottom-color:#FFFFFF;border-bottom-width:120px;\"><\/div><div class=\"pulse_spacer clearfix\" style=\"height:8px;\"><\/div><div class=\"prk_shortcode-title prk_break_word pulse_center_align wpb_animate_when_almost_visible wpb_pulse_fade_waypoint h5_sized\"><div class=\"header_font zero_color prk_vc_title\" style=\"color:#1E73BE;text-shadow:0px 0px 1px rgba(30, 115, 190,0.2);\"><h5 style=\"font-weight:600;\">AS NOSSAS LOCALIZA\u00c7\u00d5ES<\/h5><\/div><div class=\"clearfix\"><\/div><\/div><div class=\"prk_shortcode-title prk_break_word pulse_center_align wpb_animate_when_almost_visible wpb_pulse_fade_waypoint h2_sized\"><div class=\"header_font zero_color prk_vc_title\" style=\"margin-bottom:8px;\"><h2 style=\"font-weight:800;\">UMA PRESEN\u00c7A INTERNACIONAL<\/h2><\/div><div class=\"clearfix\"><\/div><\/div>[vc_column_text css=&#8221;&#8221; css_animation=&#8221;bottom-to-top&#8221; el_class=&#8221;small-9 columns small-centered&#8221;]<\/p>\n<p style=\"text-align: center;\">Presente em v\u00e1rios pa\u00edses, a <strong data-start=\"93\" data-end=\"101\">SFMI <\/strong><span lang=\"PT\">destaca-se pela sua<\/span>\u00a0<strong>dimens\u00e3o internacional<\/strong><br data-start=\"143\" data-end=\"146\" \/>e pela riqueza das suas <strong>trocas multiculturais.<\/strong><\/p>\n<p>[\/vc_column_text][vc_text_separator color=&#8221;white&#8221; border_width=&#8221;9&#8243;][vc_single_image style=&#8221;vc_box_circle_2&#8243; image=&#8221;8821&#8243; img_size=&#8221;large&#8221; alignment=&#8221;center&#8221; css_animation=&#8221;pls_pulse&#8221;][vc_single_image style=&#8221;vc_box_circle_2&#8243; image=&#8221;10222&#8243; img_size=&#8221;600&#215;600&#8243; alignment=&#8221;center&#8221; css_animation=&#8221;pls_pulse&#8221;][\/vc_column][\/vc_row][vc_row][vc_column width=&#8221;1\/1&#8243;]<div class=\"simple_line shortcoded\" style=\"border-bottom-color:#FFFFFF;border-bottom-width:#;\"><\/div>[\/vc_column][\/vc_row][vc_row][vc_column width=&#8221;1\/1&#8243;]<div class=\"simple_line shortcoded\" style=\"border-bottom-color:#FFFFFF;border-bottom-width:150px;\"><\/div>[\/vc_column][\/vc_row]<\/p>\n<\/div>","protected":false},"excerpt":{"rendered":"<p>[vc_row top_padding=&#8221;72px&#8221; bottom_padding=&#8221;72px&#8221; bk_element=&#8221;colored&#8221; bg_color=&#8221;#ffffff&#8221; el_id=&#8221;sobre&#8221;][vc_column width=&#8221;1\/1&#8243;][vc_column_text css=&#8221;&#8221; css_animation=&#8221;pulse_fade_waypoint&#8221; el_class=&#8221;small-9 columns small-centered&#8221;] O nosso saber fazer : Marroquinaria de luxo: Fivelas de cintos e sapatos, fechos de bolsas, an\u00e9is de len\u00e7os e diversos acess\u00f3rios de moda. Artes da mesa &amp; acess\u00f3rios de escrit\u00f3rio de alto padr\u00e3o: Pe\u00e7as de exce\u00e7\u00e3o. Instrumentos de escrita: Design e fabrica\u00e7\u00e3o [&hellip;]<\/p>\n","protected":false},"author":1,"featured_media":0,"parent":0,"menu_order":0,"comment_status":"closed","ping_status":"closed","template":"","meta":{"_themeisle_gutenberg_block_has_review":false,"footnotes":""},"class_list":["post-11077","page","type-page","status-publish","hentry"],"acf":[],"_links":{"self":[{"href":"https:\/\/sf-mi.com\/pt-pt\/wp-json\/wp\/v2\/pages\/11077","targetHints":{"allow":["GET"]}}],"collection":[{"href":"https:\/\/sf-mi.com\/pt-pt\/wp-json\/wp\/v2\/pages"}],"about":[{"href":"https:\/\/sf-mi.com\/pt-pt\/wp-json\/wp\/v2\/types\/page"}],"author":[{"embeddable":true,"href":"https:\/\/sf-mi.com\/pt-pt\/wp-json\/wp\/v2\/users\/1"}],"replies":[{"embeddable":true,"href":"https:\/\/sf-mi.com\/pt-pt\/wp-json\/wp\/v2\/comments?post=11077"}],"version-history":[{"count":32,"href":"https:\/\/sf-mi.com\/pt-pt\/wp-json\/wp\/v2\/pages\/11077\/revisions"}],"predecessor-version":[{"id":11654,"href":"https:\/\/sf-mi.com\/pt-pt\/wp-json\/wp\/v2\/pages\/11077\/revisions\/11654"}],"wp:attachment":[{"href":"https:\/\/sf-mi.com\/pt-pt\/wp-json\/wp\/v2\/media?parent=11077"}],"curies":[{"name":"wp","href":"https:\/\/api.w.org\/{rel}","templated":true}]}}