{"id":9620,"date":"2025-01-02T21:07:10","date_gmt":"2025-01-02T20:07:10","guid":{"rendered":"https:\/\/sf-mi.com\/o-nosso-negocio\/"},"modified":"2025-03-05T19:11:51","modified_gmt":"2025-03-05T18:11:51","slug":"nossas-atividades","status":"publish","type":"page","link":"https:\/\/sf-mi.com\/pt-pt\/nossas-atividades\/","title":{"rendered":"AS NOSSAS ATIVIDADES"},"content":{"rendered":"<div class=\"wpb-content-wrapper\"><p>[vc_row top_padding=&#8221;72px&#8221; bottom_padding=&#8221;72px&#8221; bk_element=&#8221;colored&#8221; bg_color=&#8221;#ffffff&#8221; el_id=&#8221;sobre&#8221;][vc_column width=&#8221;1\/1&#8243;]<div class=\"pulse_spacer clearfix\" style=\"height:8px;\"><\/div><div class=\"prk_shortcode-title prk_break_word pulse_center_align wpb_animate_when_almost_visible wpb_pulse_fade_waypoint h5_sized\"><div class=\"header_font zero_color prk_vc_title\" style=\"color:#004795;text-shadow:0px 0px 1px rgba(0, 71, 149,0.2);\"><h5 style=\"font-weight:600;\">A EXCEL\u00caNCIA NO CORA\u00c7\u00c3O DO METAL<\/h5><\/div><div class=\"clearfix\"><\/div><\/div><div class=\"pulse_spacer clearfix\" style=\"height:28px;\"><\/div><div class=\"prk_shortcode-title prk_break_word pulse_center_align wpb_animate_when_almost_visible wpb_pulse_fade_waypoint h3_sized\"><div class=\"header_font zero_color prk_vc_title\" style=\"color:#000000;text-shadow:0px 0px 1px rgba(0, 0, 0,0.2);margin-bottom:6px;\"><h3 style=\"font-weight:600;\">Profiss\u00f5es a servi\u00e7o do luxo<\/h3><\/div><div class=\"clearfix\"><\/div><\/div><div class=\"pulse_spacer clearfix\" style=\"height:28px;\"><\/div>[vc_column_text css=&#8221;&#8221; css_animation=&#8221;pulse_fade_waypoint&#8221; el_class=&#8221;small-9 columns small-centered&#8221;]<\/p>\n<p data-start=\"79\" data-end=\"231\">Na <strong data-start=\"82\" data-end=\"90\">SFMI<\/strong>, transformamos o metal com um know-how \u00fanico. Nossas profiss\u00f5es de excel\u00eancia s\u00e3o a chave para a qualidade excepcional de nossas cria\u00e7\u00f5es.<\/p>\n<h4 data-start=\"238\" data-end=\"283\"><strong data-start=\"242\" data-end=\"281\">Uma expertise em constante evolu\u00e7\u00e3o<\/strong><\/h4>\n<p data-start=\"285\" data-end=\"518\">Fieis \u00e0s nossas ra\u00edzes no universo do luxo, diversificamos nossa expertise para atender \u00e0s necessidades de setores exigentes com pe\u00e7as t\u00e9cnicas sob medida. Essa evolu\u00e7\u00e3o fortalece nossa posi\u00e7\u00e3o como especialistas em diversas \u00e1reas.<\/p>\n<div class=\"flex max-w-full flex-col flex-grow\">\n<div class=\"min-h-8 text-message flex w-full flex-col items-end gap-2 whitespace-normal break-words text-start [.text-message+&amp;]:mt-5\" dir=\"auto\" data-message-author-role=\"assistant\" data-message-id=\"a6623f98-a861-4ea7-bf3f-d1597c485ce0\" data-message-model-slug=\"gpt-4o\">\n<div class=\"flex w-full flex-col gap-1 empty:hidden first:pt-[3px]\">\n<div class=\"markdown prose w-full break-words dark:prose-invert dark\">\n<h4 data-start=\"525\" data-end=\"566\"><strong data-start=\"529\" data-end=\"564\">Nossas profiss\u00f5es de excel\u00eancia<br \/>\n<\/strong><\/h4>\n<p>Gra\u00e7as \u00e0 nossa integra\u00e7\u00e3o vertical, dominamos internamente todas essas especializa\u00e7\u00f5es:<strong data-start=\"529\" data-end=\"564\"><br \/>\n<\/strong><\/div>\n<\/div>\n<\/div>\n<\/div>\n<div class=\"mb-2 flex gap-3 empty:hidden -ml-2\">\n<div class=\"items-center justify-start rounded-xl p-1 flex\">\n<div class=\"flex items-center\"><\/div>\n<\/div>\n<\/div>\n<p>[\/vc_column_text]<div class=\"simple_line shortcoded\" style=\"border-bottom-color:#FFFFFF;border-bottom-width:#;\"><\/div>[vc_column_text css=&#8221;&#8221;]<\/p>\n<div class=\"n2_ss_slider_publish__option_code\" dir=\"ltr\" data-mode=\"id\"><\/div>\n<p>[\/vc_column_text]<div class=\"simple_line shortcoded\" style=\"border-bottom-color:#FFFFFF;border-bottom-width:100px;\"><\/div><div class=\"prk_service prk_service_center\" data-color=\"default\" data-default=\"default\"><i class=\" colored_link_icon small_headings_color\"><\/i><div class=\"clearfix\"><\/div><div class=\"prk_service_ctt\"><h4 class=\"big zero_color header_font prk_heavier_600\"><\/h4><div class=\"clearfix\"><\/div><div class=\"pulse_service_desc wpb_text_column prk_9_em\"><\/div><\/div><\/div>[\/vc_column][\/vc_row][vc_section][vc_row bk_type=&#8221;pulse_full_row&#8221; font_color=&#8221;#707B86&#8243; pulse_inv_cols=&#8221;yes&#8221; bg_color=&#8221;#E7EBEC&#8221;][vc_column column_height=&#8221;pulse_forced_clm&#8221; css_animation=&#8221;pls_fadeInLeftBig&#8221; width=&#8221;1\/2&#8243; bg_image=&#8221;10110&#8243;][\/vc_column][vc_column col_width=&#8221;70&#8243; width=&#8221;1\/2&#8243;]<div class=\"pulse_spacer clearfix\" style=\"height:130px;\"><\/div><div class=\"prk_shortcode-title prk_break_word pulse_left_align wpb_animate_when_almost_visible wpb_pulse_fade_waypoint h5_sized\"><div class=\"header_font zero_color prk_vc_title\" style=\"color:#004795;text-shadow:0px 0px 1px rgba(0, 71, 149,0.2);\"><h5 style=\"font-weight:600;\">Transmiss\u00e3o e Forma\u00e7\u00e3o:<\/h5><\/div><div class=\"clearfix\"><\/div><\/div><div class=\"prk_shortcode-title prk_break_word pulse_left_align wpb_animate_when_almost_visible wpb_pulse_fade_waypoint h2_sized\"><div class=\"header_font zero_color prk_vc_title\" style=\"color:#000000;text-shadow:0px 0px 1px rgba(0, 0, 0,0.2);margin-bottom:18px;\"><h2 style=\"font-weight:900;\">Um compromisso s\u00f3lido \u2013 Uma empresa parceira da aprendizagem<\/h2><\/div><div class=\"clearfix\"><\/div><\/div>[vc_column_text css=&#8221;&#8221; css_animation=&#8221;pulse_fade_waypoint&#8221;]<\/p>\n<div class=\"flex max-w-full flex-col flex-grow\">\n<div class=\"min-h-8 text-message flex w-full flex-col items-end gap-2 whitespace-normal break-words text-start [.text-message+&amp;]:mt-5\" dir=\"auto\" data-message-author-role=\"assistant\" data-message-id=\"67051cbe-3d7d-4809-9f86-bce8df0aecaa\" data-message-model-slug=\"gpt-4o\">\n<div class=\"flex w-full flex-col gap-1 empty:hidden first:pt-[3px]\">\n<div class=\"markdown prose w-full break-words dark:prose-invert dark\">\n<p data-start=\"102\" data-end=\"271\">Na <strong data-start=\"105\" data-end=\"113\">SFMI<\/strong>, a maestria em nossas profiss\u00f5es baseia-se em compet\u00eancias raras. Investimos na forma\u00e7\u00e3o interna para garantir a excel\u00eancia e transmitir um know-how \u00fanico.<\/p>\n<p data-start=\"273\" data-end=\"351\" data-is-last-node=\"\" data-is-only-node=\"\">Cada colaborador desempenha um papel essencial na continuidade desta tradi\u00e7\u00e3o.<\/p>\n<\/div>\n<\/div>\n<\/div>\n<\/div>\n<div class=\"mb-2 flex gap-3 empty:hidden -ml-2\">\n<div class=\"items-center justify-start rounded-xl p-1 z-10 -mt-1 bg-token-main-surface-primary screen-arch:mt-1 md:absolute flex\">\n<div class=\"flex items-center\"><\/div>\n<\/div>\n<\/div>\n<p>[\/vc_column_text]<div class=\"pulse_spacer clearfix\" style=\"height:18px;\"><\/div><div class=\"pulse_spacer clearfix\" style=\"height:200px;\"><\/div>[\/vc_column][\/vc_row][vc_row bk_type=&#8221;pulse_full_row&#8221; font_color=&#8221;#707b86&#8243; bg_color=&#8221;#E7EBEC&#8221;][vc_column align=&#8221;pulse_right_align&#8221; col_width=&#8221;70&#8243; width=&#8221;1\/2&#8243;][vc_column_text][\/vc_column_text]<div class=\"pulse_spacer clearfix\" style=\"height:60px;\"><\/div><div class=\"prk_shortcode-title prk_break_word pulse_left_align wpb_animate_when_almost_visible wpb_pulse_fade_waypoint h2_sized\"><div class=\"header_font zero_color prk_vc_title\" style=\"margin-bottom:18px;\"><h2 style=\"font-weight:900;\">Uma equipe multidisciplinar a servi\u00e7o da inova\u00e7\u00e3o<\/h2><\/div><div class=\"clearfix\"><\/div><\/div>[vc_column_text css=&#8221;&#8221; css_animation=&#8221;pulse_fade_waypoint&#8221;]<\/p>\n<p style=\"text-align: left;\">Nossos t\u00e9cnicos, engenheiros e equipes de suporte trabalham juntos para transformar as ideias de nossos clientes em realiza\u00e7\u00f5es concretas. Essa colabora\u00e7\u00e3o garante inova\u00e7\u00e3o cont\u00ednua e padr\u00f5es de qualidade impec\u00e1veis.<\/p>\n<p style=\"text-align: left;\"><strong>As Fun\u00e7\u00f5es de Suporte: Os Arquitetos da Performance<\/strong><br \/>\nNossas fun\u00e7\u00f5es de suporte desempenham um papel essencial no sucesso de nossos projetos:<\/p>\n<ul>\n<li style=\"text-align: left;\" data-start=\"440\" data-end=\"469\"><strong data-start=\"442\" data-end=\"467\">Recursos Humanos (RH)<\/strong><\/li>\n<li style=\"text-align: left;\" data-start=\"470\" data-end=\"487\"><strong data-start=\"472\" data-end=\"485\">Qualidade<\/strong><\/li>\n<li style=\"text-align: left;\" data-start=\"488\" data-end=\"536\"><strong data-start=\"490\" data-end=\"534\">Higiene, Seguran\u00e7a e Meio Ambiente (HSE)<\/strong><\/li>\n<li style=\"text-align: left;\" data-start=\"537\" data-end=\"569\"><strong data-start=\"539\" data-end=\"567\">Finan\u00e7as e Contabilidade<\/strong><\/li>\n<li style=\"text-align: left;\" data-start=\"570\" data-end=\"588\"><strong data-start=\"572\" data-end=\"586\">Engenharia<\/strong><\/li>\n<li style=\"text-align: left;\" data-start=\"589\" data-end=\"607\"><strong data-start=\"591\" data-end=\"605\">Manuten\u00e7\u00e3o<\/strong><\/li>\n<li style=\"text-align: left;\" data-start=\"608\" data-end=\"640\"><strong data-start=\"610\" data-end=\"638\">Supply Chain e Log\u00edstica<\/strong><\/li>\n<li style=\"text-align: left;\" data-start=\"641\" data-end=\"656\"><strong data-start=\"643\" data-end=\"654\">Compras<\/strong><\/li>\n<li style=\"text-align: left;\" data-start=\"657\" data-end=\"699\"><strong data-start=\"659\" data-end=\"697\">Marketing e Atendimento ao Cliente<\/strong><\/li>\n<li style=\"text-align: left;\" data-start=\"700\" data-end=\"740\"><strong data-start=\"702\" data-end=\"738\">Pesquisa e Desenvolvimento (P&amp;D)<\/strong><\/li>\n<li style=\"text-align: left;\" data-start=\"741\" data-end=\"781\" data-is-last-node=\"\"><strong data-start=\"743\" data-end=\"779\">Coordena\u00e7\u00e3o e Gest\u00e3o de Projetos<\/strong><\/li>\n<\/ul>\n<p>[\/vc_column_text]<div class=\"pulse_spacer clearfix\" style=\"height:18px;\"><\/div><div class=\"pulse_spacer clearfix\" style=\"height:40px;\"><\/div>[\/vc_column][vc_column column_height=&#8221;pulse_forced_clm&#8221; css_animation=&#8221;pls_fadeInRightBig&#8221; width=&#8221;1\/2&#8243; bg_image=&#8221;10448&#8243;][vc_column_text][\/vc_column_text][\/vc_column][\/vc_row][\/vc_section][vc_row bk_type=&#8221;pulse_full_row&#8221; top_padding=&#8221;72px&#8221; el_id=&#8221;trabalho&#8221;][vc_column col_width=&#8221;60&#8243; width=&#8221;1\/1&#8243;]<div class=\"simple_line shortcoded\" style=\"border-bottom-color:#FFFFFF;border-bottom-width:130px;\"><\/div><div class=\"prk_shortcode-title prk_break_word pulse_center_align wpb_animate_when_almost_visible wpb_pulse_fade_waypoint h2_sized\"><div class=\"header_font zero_color prk_vc_title\" style=\"margin-bottom:18px;\"><h2 style=\"font-weight:900;\">Junte-se \u00e0 esta aventura<\/h2><\/div><div class=\"clearfix\"><\/div><\/div>[vc_column_text css=&#8221;&#8221; css_animation=&#8221;pulse_fade_waypoint&#8221;]<\/p>\n<div class=\"flex max-w-full flex-col flex-grow\">\n<div class=\"min-h-8 text-message flex w-full flex-col items-end gap-2 whitespace-normal break-words text-start [.text-message+&amp;]:mt-5\" dir=\"auto\" data-message-author-role=\"assistant\" data-message-id=\"5c875f7e-d9b9-41d8-891f-c60d78188454\" data-message-model-slug=\"gpt-4o\">\n<div class=\"flex w-full flex-col gap-1 empty:hidden first:pt-[3px]\">\n<div class=\"markdown prose w-full break-words dark:prose-invert dark\">\n<p style=\"text-align: center;\" data-start=\"36\" data-end=\"157\">Apaixonado(a) por metal e luxo? Na <strong data-start=\"71\" data-end=\"79\">SFMI<\/strong>, a tradi\u00e7\u00e3o artesanal e a tecnologia de ponta se unem para moldar o futuro.<\/p>\n<p style=\"text-align: center;\" data-start=\"159\" data-end=\"225\">Desenvolva seus talentos e contribua para cria\u00e7\u00f5es excepcionais.<\/p>\n<p style=\"text-align: center;\" data-start=\"227\" data-end=\"317\"><strong data-start=\"227\" data-end=\"315\">Descubra os depoimentos de nossos colaboradores e venha fazer parte da nossa equipe!<\/strong><\/p>\n<p style=\"text-align: center;\" data-start=\"319\" data-end=\"348\" data-is-last-node=\"\" data-is-only-node=\"\">Parceiro da aprendizagem.<\/p>\n<\/div>\n<\/div>\n<\/div>\n<\/div>\n<div class=\"mb-2 flex gap-3 empty:hidden -ml-2\">\n<div class=\"items-center justify-start rounded-xl p-1 flex\">\n<div class=\"flex items-center\" style=\"text-align: center;\"><\/div>\n<\/div>\n<\/div>\n<p>[\/vc_column_text]<div class=\"simple_line shortcoded\" style=\"border-bottom-color:#FFFFFF;border-bottom-width:40px;\"><\/div>[\/vc_column][vc_column el_class=&#8221;boutonCentrer&#8221;]<div class=\"theme_button prk_large pls_shortcoded\"><a href=\"https:\/\/sf-mi.com\/pt-pt\/carreira\/\" target=\"_self\" class=\"pulse_anchor\">Junte-se a n\u00f3s<\/a><\/div><div class=\"simple_line shortcoded\" style=\"border-bottom-color:#FFFFFF;border-bottom-width:180px;\"><\/div>[\/vc_column][\/vc_row]<\/p>\n<\/div>","protected":false},"excerpt":{"rendered":"<p>[vc_row top_padding=&#8221;72px&#8221; bottom_padding=&#8221;72px&#8221; bk_element=&#8221;colored&#8221; bg_color=&#8221;#ffffff&#8221; el_id=&#8221;sobre&#8221;][vc_column width=&#8221;1\/1&#8243;][vc_column_text css=&#8221;&#8221; css_animation=&#8221;pulse_fade_waypoint&#8221; el_class=&#8221;small-9 columns small-centered&#8221;] Na SFMI, transformamos o metal com um know-how \u00fanico. Nossas profiss\u00f5es de excel\u00eancia s\u00e3o a chave para a qualidade excepcional de nossas cria\u00e7\u00f5es. Uma expertise em constante evolu\u00e7\u00e3o Fieis \u00e0s nossas ra\u00edzes no universo do luxo, diversificamos nossa expertise para atender \u00e0s necessidades [&hellip;]<\/p>\n","protected":false},"author":1,"featured_media":0,"parent":0,"menu_order":0,"comment_status":"closed","ping_status":"closed","template":"","meta":{"_themeisle_gutenberg_block_has_review":false,"footnotes":""},"class_list":["post-9620","page","type-page","status-publish","hentry"],"acf":[],"_links":{"self":[{"href":"https:\/\/sf-mi.com\/pt-pt\/wp-json\/wp\/v2\/pages\/9620","targetHints":{"allow":["GET"]}}],"collection":[{"href":"https:\/\/sf-mi.com\/pt-pt\/wp-json\/wp\/v2\/pages"}],"about":[{"href":"https:\/\/sf-mi.com\/pt-pt\/wp-json\/wp\/v2\/types\/page"}],"author":[{"embeddable":true,"href":"https:\/\/sf-mi.com\/pt-pt\/wp-json\/wp\/v2\/users\/1"}],"replies":[{"embeddable":true,"href":"https:\/\/sf-mi.com\/pt-pt\/wp-json\/wp\/v2\/comments?post=9620"}],"version-history":[{"count":19,"href":"https:\/\/sf-mi.com\/pt-pt\/wp-json\/wp\/v2\/pages\/9620\/revisions"}],"predecessor-version":[{"id":11599,"href":"https:\/\/sf-mi.com\/pt-pt\/wp-json\/wp\/v2\/pages\/9620\/revisions\/11599"}],"wp:attachment":[{"href":"https:\/\/sf-mi.com\/pt-pt\/wp-json\/wp\/v2\/media?parent=9620"}],"curies":[{"name":"wp","href":"https:\/\/api.w.org\/{rel}","templated":true}]}}