{"id":9633,"date":"2025-01-02T18:00:09","date_gmt":"2025-01-02T17:00:09","guid":{"rendered":"https:\/\/sf-mi.com\/a-nossa-experiencia\/"},"modified":"2025-03-06T14:18:42","modified_gmt":"2025-03-06T13:18:42","slug":"nosso-saber-fazer","status":"publish","type":"page","link":"https:\/\/sf-mi.com\/pt-pt\/nosso-saber-fazer\/","title":{"rendered":"O NOSSO SABER-FAZER"},"content":{"rendered":"<div class=\"wpb-content-wrapper\"><p>[vc_row top_padding=&#8221;72px&#8221; bottom_padding=&#8221;72px&#8221; bk_element=&#8221;colored&#8221; bg_color=&#8221;#ffffff&#8221; el_id=&#8221;sobre&#8221;][vc_column width=&#8221;1\/1&#8243;]<div class=\"pulse_spacer clearfix\" style=\"height:8px;\"><\/div><div class=\"prk_shortcode-title prk_break_word pulse_center_align wpb_animate_when_almost_visible wpb_pls_pulse h5_sized\"><div class=\"header_font zero_color prk_vc_title\" style=\"color:#004795;text-shadow:0px 0px 1px rgba(0, 71, 149,0.2);\"><h5 style=\"font-weight:600;\">SFMI: A EXCEL\u00caNCIA A SERVI\u00c7O DO LUXO<\/h5><\/div><div class=\"clearfix\"><\/div><\/div><div class=\"pulse_spacer clearfix\" style=\"height:28px;\"><\/div><div class=\"prk_shortcode-title prk_break_word pulse_center_align wpb_animate_when_almost_visible wpb_pls_pulse h3_sized\"><div class=\"header_font zero_color prk_vc_title\" style=\"color:#000000;text-shadow:0px 0px 1px rgba(0, 0, 0,0.2);margin-bottom:6px;\"><h3 style=\"font-weight:600;\">Um know-how \u00fanico para as maiores marcas<\/h3><\/div><div class=\"clearfix\"><\/div><\/div><div class=\"pulse_spacer clearfix\" style=\"height:28px;\"><\/div>[vc_column_text css=&#8221;&#8221; css_animation=&#8221;pulse_fade_waypoint&#8221; el_class=&#8221;small-9 columns small-centered&#8221;]<\/p>\n<p data-start=\"96\" data-end=\"272\">Na <strong data-start=\"99\" data-end=\"107\">SFMI<\/strong>, unimos artesanato excepcional e inova\u00e7\u00e3o tecnol\u00f3gica para projetar pe\u00e7as met\u00e1licas sob medida, dedicadas ao prestigioso setor do luxo e da ind\u00fastria de precis\u00e3o.<\/p>\n<p data-start=\"274\" data-end=\"345\">Cada cria\u00e7\u00e3o reflete nosso compromisso com a qualidade e a eleg\u00e2ncia.<\/p>\n<h4 data-start=\"352\" data-end=\"408\"><strong data-start=\"356\" data-end=\"406\">Inova\u00e7\u00e3o e precis\u00e3o no cora\u00e7\u00e3o do nosso of\u00edcio<\/strong><\/h4>\n<p data-start=\"410\" data-end=\"592\">Reconhecida entre os l\u00edderes da metalurgia de luxo, a <strong data-start=\"464\" data-end=\"472\">SFMI<\/strong> cria produtos de alta qualidade, revestidos com metais preciosos, combinando sofistica\u00e7\u00e3o, durabilidade e desempenho.<\/p>\n<p data-start=\"594\" data-end=\"702\">Trabalhamos em estreita colabora\u00e7\u00e3o com nossos clientes para desenvolver solu\u00e7\u00f5es \u00fanicas e personalizadas.<\/p>\n<p>[\/vc_column_text][vc_column_text css=&#8221;&#8221;][\/vc_column_text]<div class=\"prk_service prk_service_center\" data-color=\"default\" data-default=\"default\"><i class=\" colored_link_icon small_headings_color\"><\/i><div class=\"clearfix\"><\/div><div class=\"prk_service_ctt\"><h4 class=\"big zero_color header_font prk_heavier_600\"><\/h4><div class=\"clearfix\"><\/div><div class=\"pulse_service_desc wpb_text_column prk_9_em\"><\/div><\/div><\/div>[\/vc_column][\/vc_row][vc_row bk_type=&#8221;pulse_full_row&#8221; font_color=&#8221;#707B86&#8243; pulse_inv_cols=&#8221;yes&#8221; bg_color=&#8221;#E7EBEC&#8221;][vc_column column_height=&#8221;pulse_forced_clm&#8221; css_animation=&#8221;pls_fadeInLeftBig&#8221; width=&#8221;1\/2&#8243; bg_image=&#8221;10456&#8243;][\/vc_column][vc_column col_width=&#8221;70&#8243; width=&#8221;1\/2&#8243;]<div class=\"pulse_spacer clearfix\" style=\"height:140px;\"><\/div><div class=\"prk_shortcode-title prk_break_word pulse_left_align wpb_animate_when_almost_visible wpb_pulse_fade_waypoint h2_sized\"><div class=\"header_font zero_color prk_vc_title\" style=\"color:#000000;text-shadow:0px 0px 1px rgba(0, 0, 0,0.2);margin-bottom:18px;\"><h2 style=\"font-weight:900;\">Agilidade e criatividade como motores<\/h2><\/div><div class=\"clearfix\"><\/div><\/div>[vc_column_text css=&#8221;&#8221; css_animation=&#8221;pulse_fade_waypoint&#8221;]<\/p>\n<div class=\"flex max-w-full flex-col flex-grow\">\n<div class=\"min-h-8 text-message flex w-full flex-col items-end gap-2 whitespace-normal break-words text-start [.text-message+&amp;]:mt-5\" dir=\"auto\" data-message-author-role=\"assistant\" data-message-id=\"6df36363-2efe-47cd-a989-149b4f129942\" data-message-model-slug=\"gpt-4o\">\n<div class=\"flex w-full flex-col gap-1 empty:hidden first:pt-[3px]\">\n<div class=\"markdown prose w-full break-words dark:prose-invert dark\">\n<p data-start=\"49\" data-end=\"227\" data-is-last-node=\"\" data-is-only-node=\"\">Gra\u00e7as a tecnologias de ponta e uma capacidade de resposta exemplar, nossas equipes desenvolvem prot\u00f3tipos rapidamente, atendendo \u00e0s exig\u00eancias de um setor em constante evolu\u00e7\u00e3o.<\/p>\n<\/div>\n<\/div>\n<\/div>\n<\/div>\n<div class=\"mb-2 flex gap-3 empty:hidden -ml-2\">\n<div class=\"items-center justify-start rounded-xl p-1 z-10 -mt-1 bg-token-main-surface-primary screen-arch:mt-1 md:absolute flex\">\n<div class=\"flex items-center\"><\/div>\n<\/div>\n<\/div>\n<p>.[\/vc_column_text]<div class=\"pulse_spacer clearfix\" style=\"height:18px;\"><\/div><div class=\"pulse_spacer clearfix\" style=\"height:200px;\"><\/div>[\/vc_column][\/vc_row][vc_row bk_type=&#8221;pulse_full_row&#8221; font_color=&#8221;#707b86&#8243; bg_color=&#8221;#E7EBEC&#8221;][vc_column align=&#8221;pulse_right_align&#8221; col_width=&#8221;70&#8243; width=&#8221;1\/2&#8243;]<div class=\"pulse_spacer clearfix\" style=\"height:140px;\"><\/div><div class=\"prk_shortcode-title prk_break_word pulse_right_align wpb_animate_when_almost_visible wpb_pulse_fade_waypoint h2_sized\"><div class=\"header_font zero_color prk_vc_title\" style=\"margin-bottom:18px;\"><h2 style=\"font-weight:900;\">Uma expertise colaborativa<\/h2><\/div><div class=\"clearfix\"><\/div><\/div>[vc_column_text css=&#8221;&#8221; css_animation=&#8221;pulse_fade_waypoint&#8221;]<\/p>\n<p data-start=\"38\" data-end=\"261\">Nosso sucesso \u00e9 baseado na sinergia entre nossos engenheiros e t\u00e9cnicos, especialistas do setor e suas equipes, al\u00e9m de nossas fun\u00e7\u00f5es de suporte (Recursos Humanos, Qualidade, Engenharia, Supply Chain a servi\u00e7o de todos).<\/p>\n<p data-start=\"263\" data-end=\"338\" data-is-last-node=\"\" data-is-only-node=\"\">Juntos, garantimos uma produ\u00e7\u00e3o eficiente e padr\u00f5es de excel\u00eancia elevados.<\/p>\n<p>[\/vc_column_text]<div class=\"pulse_spacer clearfix\" style=\"height:200px;\"><\/div>[\/vc_column][vc_column column_height=&#8221;pulse_forced_clm&#8221; css_animation=&#8221;pls_fadeInRightBig&#8221; width=&#8221;1\/2&#8243; bg_image=&#8221;10649&#8243;][vc_column_text][\/vc_column_text][\/vc_column][\/vc_row][vc_row bk_type=&#8221;pulse_full_row&#8221; font_color=&#8221;#707B86&#8243; pulse_inv_cols=&#8221;yes&#8221; bg_color=&#8221;#E7EBEC&#8221;][vc_column column_height=&#8221;pulse_forced_clm&#8221; css_animation=&#8221;pls_fadeInLeftBig&#8221; width=&#8221;1\/2&#8243; bg_image=&#8221;10164&#8243;][vc_column_text][\/vc_column_text][\/vc_column][vc_column col_width=&#8221;70&#8243; width=&#8221;1\/2&#8243;]<div class=\"pulse_spacer clearfix\" style=\"height:140px;\"><\/div><div class=\"prk_shortcode-title prk_break_word pulse_left_align wpb_animate_when_almost_visible wpb_pulse_fade_waypoint h2_sized\"><div class=\"header_font zero_color prk_vc_title\" style=\"color:#000000;text-shadow:0px 0px 1px rgba(0, 0, 0,0.2);margin-bottom:18px;\"><h2 style=\"font-weight:900;\">Comprometidos com um futuro de excel\u00eancia<\/h2><\/div><div class=\"clearfix\"><\/div><\/div>[vc_column_text css=&#8221;&#8221; css_animation=&#8221;pulse_fade_waypoint&#8221;]Com um know-how incompar\u00e1vel e uma escuta atenta \u00e0s necessidades de nossos clientes, a <strong data-start=\"140\" data-end=\"148\">SFMI<\/strong> est\u00e1 moldando o futuro da metalurgia de luxo.[\/vc_column_text]<div class=\"pulse_spacer clearfix\" style=\"height:200px;\"><\/div>[\/vc_column][\/vc_row][vc_row bk_type=&#8221;pulse_full_row&#8221; top_padding=&#8221;72px&#8221; el_id=&#8221;trabalho&#8221;][vc_column col_width=&#8221;60&#8243; width=&#8221;1\/1&#8243;]<div class=\"simple_line shortcoded\" style=\"border-bottom-color:#FFFFFF;border-bottom-width:130px;\"><\/div><div class=\"prk_shortcode-title prk_break_word pulse_center_align wpb_animate_when_almost_visible wpb_pls_pulse h2_sized\"><div class=\"header_font zero_color prk_vc_title\" style=\"margin-bottom:18px;\"><h2 style=\"font-weight:900;\">Quer juntar-se \u00e0 esta aventura?<\/h2><\/div><div class=\"clearfix\"><\/div><\/div>[vc_column_text css=&#8221;&#8221; css_animation=&#8221;pulse_fade_waypoint&#8221;]<\/p>\n<p style=\"text-align: center;\" data-start=\"43\" data-end=\"181\">Seja voc\u00ea um especialista ou um aprendiz motivado, a <strong data-start=\"96\" data-end=\"104\">SFMI<\/strong> \u00e9 o lugar ideal para desenvolver seus talentos e enfrentar novos desafios.<\/p>\n<p style=\"text-align: center;\" data-start=\"183\" data-end=\"269\" data-is-last-node=\"\" data-is-only-node=\"\"><strong data-start=\"183\" data-end=\"269\" data-is-last-node=\"\">Entre em contato conosco para escrever juntos o pr\u00f3ximo cap\u00edtulo do nosso sucesso.<\/strong><\/p>\n<p>[\/vc_column_text]<div class=\"simple_line shortcoded\" style=\"border-bottom-color:#FFFFFF;border-bottom-width:40px;\"><\/div>[\/vc_column][vc_column el_class=&#8221;boutonCentrer&#8221;]<div class=\"theme_button prk_large pls_shortcoded\"><a href=\"https:\/\/sf-mi.com\/pt-pt\/carreira\/\" target=\"_self\" class=\"pulse_anchor\">Junte-se a n\u00f3s<\/a><\/div><div class=\"simple_line shortcoded\" style=\"border-bottom-color:#FFFFFF;border-bottom-width:180px;\"><\/div>[\/vc_column][\/vc_row]<\/p>\n<\/div>","protected":false},"excerpt":{"rendered":"<p>[vc_row top_padding=&#8221;72px&#8221; bottom_padding=&#8221;72px&#8221; bk_element=&#8221;colored&#8221; bg_color=&#8221;#ffffff&#8221; el_id=&#8221;sobre&#8221;][vc_column width=&#8221;1\/1&#8243;][vc_column_text css=&#8221;&#8221; css_animation=&#8221;pulse_fade_waypoint&#8221; el_class=&#8221;small-9 columns small-centered&#8221;] Na SFMI, unimos artesanato excepcional e inova\u00e7\u00e3o tecnol\u00f3gica para projetar pe\u00e7as met\u00e1licas sob medida, dedicadas ao prestigioso setor do luxo e da ind\u00fastria de precis\u00e3o. Cada cria\u00e7\u00e3o reflete nosso compromisso com a qualidade e a eleg\u00e2ncia. Inova\u00e7\u00e3o e precis\u00e3o no cora\u00e7\u00e3o do nosso [&hellip;]<\/p>\n","protected":false},"author":1,"featured_media":0,"parent":0,"menu_order":0,"comment_status":"closed","ping_status":"closed","template":"","meta":{"_themeisle_gutenberg_block_has_review":false,"footnotes":""},"class_list":["post-9633","page","type-page","status-publish","hentry"],"acf":[],"_links":{"self":[{"href":"https:\/\/sf-mi.com\/pt-pt\/wp-json\/wp\/v2\/pages\/9633","targetHints":{"allow":["GET"]}}],"collection":[{"href":"https:\/\/sf-mi.com\/pt-pt\/wp-json\/wp\/v2\/pages"}],"about":[{"href":"https:\/\/sf-mi.com\/pt-pt\/wp-json\/wp\/v2\/types\/page"}],"author":[{"embeddable":true,"href":"https:\/\/sf-mi.com\/pt-pt\/wp-json\/wp\/v2\/users\/1"}],"replies":[{"embeddable":true,"href":"https:\/\/sf-mi.com\/pt-pt\/wp-json\/wp\/v2\/comments?post=9633"}],"version-history":[{"count":22,"href":"https:\/\/sf-mi.com\/pt-pt\/wp-json\/wp\/v2\/pages\/9633\/revisions"}],"predecessor-version":[{"id":11619,"href":"https:\/\/sf-mi.com\/pt-pt\/wp-json\/wp\/v2\/pages\/9633\/revisions\/11619"}],"wp:attachment":[{"href":"https:\/\/sf-mi.com\/pt-pt\/wp-json\/wp\/v2\/media?parent=9633"}],"curies":[{"name":"wp","href":"https:\/\/api.w.org\/{rel}","templated":true}]}}