{"id":9908,"date":"2025-01-12T15:57:16","date_gmt":"2025-01-12T14:57:16","guid":{"rendered":"https:\/\/sf-mi.com\/os-nossos-compromissos\/"},"modified":"2025-03-05T19:12:06","modified_gmt":"2025-03-05T18:12:06","slug":"nossos-compromissos","status":"publish","type":"page","link":"https:\/\/sf-mi.com\/pt-pt\/nossos-compromissos\/","title":{"rendered":"OS NOSSOS COMPROMISSOS"},"content":{"rendered":"<div class=\"wpb-content-wrapper\"><p>[vc_row top_padding=&#8221;72px&#8221; bottom_padding=&#8221;72px&#8221; bk_element=&#8221;colored&#8221; bg_color=&#8221;#ffffff&#8221; el_id=&#8221;sobre&#8221;][vc_column width=&#8221;1\/1&#8243;]<div class=\"simple_line shortcoded\" style=\"border-bottom-color:#FFFFFF;border-bottom-width:50px;\"><\/div><div class=\"pulse_spacer clearfix\" style=\"height:8px;\"><\/div><div class=\"prk_shortcode-title prk_break_word pulse_center_align wpb_animate_when_almost_visible wpb_pulse_fade_waypoint h3_sized\"><div class=\"header_font zero_color prk_vc_title\" style=\"color:#000000;text-shadow:0px 0px 1px rgba(0, 0, 0,0.2);margin-bottom:6px;\"><h3 style=\"font-weight:600;\">Nossos Compromissos, Nossos Valores<\/h3><\/div><div class=\"clearfix\"><\/div><\/div><div class=\"pulse_spacer clearfix\" style=\"height:28px;\"><\/div>[vc_column_text css=&#8221;&#8221; css_animation=&#8221;pulse_fade_waypoint&#8221; el_class=&#8221;small-9 columns small-centered&#8221;]Na <strong data-start=\"50\" data-end=\"58\">SFMI<\/strong>, cada a\u00e7\u00e3o conta. Nossos valores \u2013 <strong data-start=\"94\" data-end=\"184\">responsabilidade social, respeito ao meio ambiente, integridade e apoio \u00e0s comunidades<\/strong> \u2013 guiam nossas pr\u00e1ticas.<\/p>\n<p><strong>Nossos Compromissos Principais:<\/strong>[\/vc_column_text]<div class=\"simple_line shortcoded\" style=\"border-bottom-color:#FFFFFF;border-bottom-width:60;\"><\/div>[\/vc_column][\/vc_row][vc_row bk_type=&#8221;pulse_full_row&#8221; font_color=&#8221;#707b86&#8243; pulse_inv_cols=&#8221;yes&#8221; bg_color=&#8221;#e7ebec&#8221;][vc_column column_height=&#8221;pulse_forced_clm&#8221; css_animation=&#8221;pls_fadeInLeftBig&#8221; width=&#8221;1\/2&#8243; bg_image=&#8221;10182&#8243;][\/vc_column][vc_column col_width=&#8221;70&#8243; width=&#8221;1\/2&#8243;]<div class=\"simple_line shortcoded\" style=\"border-bottom-color:#E7EBEC;border-bottom-width:150px;\"><\/div><div class=\"simple_line shortcoded\" style=\"border-bottom-color:#E7EBEC;width:140px;margin-left:auto;margin-right:auto;\"><\/div><div class=\"prk_shortcode-title prk_break_word pulse_left_align wpb_animate_when_almost_visible wpb_pulse_fade_waypoint h5_sized\"><div class=\"header_font zero_color prk_vc_title\" style=\"color:#004795;text-shadow:0px 0px 1px rgba(0, 71, 149,0.2);\"><h5 style=\"font-weight:600;\">COMPROMISSO N\u00ba1<\/h5><\/div><div class=\"clearfix\"><\/div><\/div><div class=\"prk_shortcode-title prk_break_word pulse_left_align wpb_animate_when_almost_visible wpb_pulse_fade_waypoint h2_sized\"><div class=\"header_font zero_color prk_vc_title\" style=\"margin-bottom:18px;\"><h2 style=\"font-weight:900;\">Responsabilidade social<\/h2><\/div><div class=\"clearfix\"><\/div><\/div>[vc_column_text css=&#8221;&#8221; css_animation=&#8221;pulse_fade_waypoint&#8221;]<\/p>\n<ul>\n<li data-start=\"57\" data-end=\"109\">Garantir condi\u00e7\u00f5es de trabalho justas e seguras.<\/li>\n<li data-start=\"110\" data-end=\"169\" data-is-last-node=\"\">Integrar pr\u00e1ticas \u00e9ticas em toda a cadeia de suprimentos.<\/li>\n<\/ul>\n<p>[\/vc_column_text]<div class=\"simple_line shortcoded\" style=\"border-bottom-color:#E7EBEC;border-bottom-width:150px;\"><\/div><div class=\"simple_line shortcoded\" style=\"border-bottom-color:#E7EBEC;border-bottom-width:140;\"><\/div>[\/vc_column][\/vc_row][vc_row bk_type=&#8221;pulse_full_row&#8221; bk_element=&#8221;colored&#8221; font_color=&#8221;#707b86&#8243; bg_color=&#8221;#e7ebec&#8221;][vc_column align=&#8221;pulse_right_align&#8221; col_width=&#8221;70&#8243; width=&#8221;1\/2&#8243;]<div class=\"simple_line shortcoded\" style=\"border-bottom-color:#E7EBEC;border-bottom-width:150px;\"><\/div><div class=\"simple_line shortcoded\" style=\"border-bottom-color:#E7EBEC;width:140;border-bottom-width:100;\"><\/div><div class=\"prk_shortcode-title prk_break_word pulse_left_align wpb_animate_when_almost_visible wpb_pulse_fade_waypoint h5_sized\"><div class=\"header_font zero_color prk_vc_title\" style=\"color:#1E73BE;text-shadow:0px 0px 1px rgba(30, 115, 190,0.2);\"><h5 style=\"font-weight:600;\">COMPROMISSO N\u00ba2<\/h5><\/div><div class=\"clearfix\"><\/div><\/div><div class=\"prk_shortcode-title prk_break_word pulse_left_align wpb_animate_when_almost_visible wpb_pulse_fade_waypoint h2_sized\"><div class=\"header_font zero_color prk_vc_title\" style=\"margin-bottom:18px;\"><h2 style=\"font-weight:900;\">Prote\u00e7\u00e3o do meio ambiente<\/h2><\/div><div class=\"clearfix\"><\/div><\/div>[vc_column_text css=&#8221;&#8221; css_animation=&#8221;pulse_fade_waypoint&#8221;]<\/p>\n<ul>\n<li style=\"text-align: left;\" data-start=\"59\" data-end=\"153\">Reduzir nossa pegada ecol\u00f3gica com a\u00e7\u00f5es concretas (ex.: 6.000 \u00e1rvores plantadas em 2022).<\/li>\n<li style=\"text-align: left;\" data-start=\"154\" data-end=\"231\" data-is-last-node=\"\">Incentivar o uso de materiais reciclados e minimizar a gera\u00e7\u00e3o de res\u00edduos.<\/li>\n<\/ul>\n<p>[\/vc_column_text]<div class=\"simple_line shortcoded\" style=\"border-bottom-color:#E7EBEC;border-bottom-width:150px;\"><\/div>[\/vc_column][vc_column column_height=&#8221;pulse_forced_clm&#8221; css_animation=&#8221;pls_fadeInRightBig&#8221; width=&#8221;1\/2&#8243; bg_image=&#8221;10255&#8243;][vc_column_text][\/vc_column_text][\/vc_column][\/vc_row][vc_row bk_type=&#8221;pulse_full_row&#8221; font_color=&#8221;#707b86&#8243; pulse_inv_cols=&#8221;yes&#8221; bg_color=&#8221;#e7ebec&#8221;][vc_column column_height=&#8221;pulse_forced_clm&#8221; bg_image_hz_align=&#8221;pulse_hz_left&#8221; css_animation=&#8221;pls_fadeInLeftBig&#8221; width=&#8221;1\/2&#8243; bg_image=&#8221;10095&#8243;][vc_column_text][\/vc_column_text][\/vc_column][vc_column col_width=&#8221;70&#8243; width=&#8221;1\/2&#8243;]<div class=\"simple_line shortcoded\" style=\"border-bottom-color:#E7EBEC;border-bottom-width:150px;\"><\/div><div class=\"prk_shortcode-title prk_break_word pulse_left_align wpb_animate_when_almost_visible wpb_pulse_fade_waypoint h5_sized\"><div class=\"header_font zero_color prk_vc_title\" style=\"color:#1E73BE;text-shadow:0px 0px 1px rgba(30, 115, 190,0.2);\"><h5 style=\"font-weight:600;\">COMPROMISSO N\u00ba3<\/h5><\/div><div class=\"clearfix\"><\/div><\/div><div class=\"prk_shortcode-title prk_break_word pulse_left_align wpb_animate_when_almost_visible wpb_pulse_fade_waypoint h2_sized\"><div class=\"header_font zero_color prk_vc_title\" style=\"margin-bottom:18px;\"><h2 style=\"font-weight:900;\">Transpar\u00eancia e integridade<\/h2><\/div><div class=\"clearfix\"><\/div><\/div>[vc_column_text css=&#8221;&#8221; css_animation=&#8221;pulse_fade_waypoint&#8221;]<\/p>\n<ul>\n<li data-start=\"61\" data-end=\"106\">Garantir a rastreabilidade dos materiais.<\/li>\n<li data-start=\"107\" data-end=\"162\" data-is-last-node=\"\">Aplicar uma pol\u00edtica rigorosa de combate \u00e0 corrup\u00e7\u00e3o.<\/li>\n<\/ul>\n<p>[\/vc_column_text]<div class=\"pulse_spacer clearfix\" style=\"height:18px;\"><\/div><div class=\"simple_line shortcoded\" style=\"border-bottom-color:#E7EBEC;border-bottom-width:150px;\"><\/div>[\/vc_column][\/vc_row][vc_row bk_type=&#8221;pulse_full_row&#8221; bk_element=&#8221;colored&#8221; font_color=&#8221;#707b86&#8243; bg_color=&#8221;#e7ebec&#8221;][vc_column align=&#8221;pulse_right_align&#8221; col_width=&#8221;70&#8243; width=&#8221;1\/2&#8243;]<div class=\"simple_line shortcoded\" style=\"border-bottom-color:#E7EBEC;border-bottom-width:150px;\"><\/div><div class=\"prk_shortcode-title prk_break_word pulse_left_align wpb_animate_when_almost_visible wpb_pulse_fade_waypoint h5_sized\"><div class=\"header_font zero_color prk_vc_title\" style=\"color:#1E73BE;text-shadow:0px 0px 1px rgba(30, 115, 190,0.2);\"><h5 style=\"font-weight:600;\">COMPROMISSO N\u00ba4<\/h5><\/div><div class=\"clearfix\"><\/div><\/div><div class=\"prk_shortcode-title prk_break_word pulse_left_align wpb_animate_when_almost_visible wpb_pulse_fade_waypoint h2_sized\"><div class=\"header_font zero_color prk_vc_title\" style=\"margin-bottom:18px;\"><h2 style=\"font-weight:900;\">Compromisso com a comunidade<\/h2><\/div><div class=\"clearfix\"><\/div><\/div>[vc_column_text css=&#8221;&#8221; css_animation=&#8221;pulse_fade_waypoint&#8221;]<\/p>\n<ul>\n<li style=\"text-align: left;\" data-start=\"62\" data-end=\"126\">Apoiar iniciativas educacionais, sociais e culturais locais.<\/li>\n<li style=\"text-align: left;\" data-start=\"127\" data-end=\"203\" data-is-last-node=\"\">Participar de projetos de reintegra\u00e7\u00e3o e assist\u00eancia aos mais vulner\u00e1veis.<\/li>\n<\/ul>\n<p>[\/vc_column_text]<div class=\"pulse_spacer clearfix\" style=\"height:18px;\"><\/div><div class=\"simple_line shortcoded\" style=\"border-bottom-color:#E7EBEC;border-bottom-width:150px;\"><\/div>[\/vc_column][vc_column column_height=&#8221;pulse_forced_clm&#8221; css_animation=&#8221;pls_fadeInRightBig&#8221; width=&#8221;1\/2&#8243; bg_image=&#8221;10258&#8243;][vc_column_text][\/vc_column_text][\/vc_column][\/vc_row][vc_row bk_type=&#8221;pulse_full_row&#8221; font_color=&#8221;#707b86&#8243; pulse_inv_cols=&#8221;yes&#8221; bg_color=&#8221;#e7ebec&#8221;][vc_column column_height=&#8221;pulse_forced_clm&#8221; bg_image_hz_align=&#8221;pulse_hz_left&#8221; css_animation=&#8221;pls_fadeInLeftBig&#8221; width=&#8221;1\/2&#8243; bg_image=&#8221;10452&#8243;][vc_column_text][\/vc_column_text][\/vc_column][vc_column col_width=&#8221;70&#8243; width=&#8221;1\/2&#8243;]<div class=\"simple_line shortcoded\" style=\"border-bottom-color:#E7EBEC;border-bottom-width:150px;\"><\/div><div class=\"prk_shortcode-title prk_break_word pulse_left_align wpb_animate_when_almost_visible wpb_pulse_fade_waypoint h5_sized\"><div class=\"header_font zero_color prk_vc_title\" style=\"color:#1E73BE;text-shadow:0px 0px 1px rgba(30, 115, 190,0.2);\"><h5 style=\"font-weight:600;\">COMPROMISSO N\u00ba5<\/h5><\/div><div class=\"clearfix\"><\/div><\/div><div class=\"prk_shortcode-title prk_break_word pulse_left_align wpb_animate_when_almost_visible wpb_pulse_fade_waypoint h2_sized\"><div class=\"header_font zero_color prk_vc_title\" style=\"margin-bottom:18px;\"><h2 style=\"font-weight:900;\">Sa\u00fade e seguran\u00e7a<\/h2><\/div><div class=\"clearfix\"><\/div><\/div>[vc_column_text css=&#8221;&#8221; css_animation=&#8221;pulse_fade_waypoint&#8221;]<\/p>\n<ul>\n<li>Proporcionar um ambiente de trabalho seguro com treinamentos adequados.<\/li>\n<\/ul>\n<p>[\/vc_column_text]<div class=\"pulse_spacer clearfix\" style=\"height:18px;\"><\/div><div class=\"simple_line shortcoded\" style=\"border-bottom-color:#E7EBEC;border-bottom-width:150px;\"><\/div>[\/vc_column][\/vc_row][vc_row bk_type=&#8221;pulse_full_row&#8221; bk_element=&#8221;colored&#8221; font_color=&#8221;#707b86&#8243; bg_color=&#8221;#e7ebec&#8221;][vc_column align=&#8221;pulse_right_align&#8221; col_width=&#8221;70&#8243; width=&#8221;1\/2&#8243;]<div class=\"simple_line shortcoded\" style=\"border-bottom-color:#E7EBEC;border-bottom-width:150px;\"><\/div><div class=\"prk_shortcode-title prk_break_word pulse_left_align wpb_animate_when_almost_visible wpb_pulse_fade_waypoint h5_sized\"><div class=\"header_font zero_color prk_vc_title\" style=\"color:#1E73BE;text-shadow:0px 0px 1px rgba(30, 115, 190,0.2);\"><h5 style=\"font-weight:600;\">COMPROMISSO N\u00ba6<\/h5><\/div><div class=\"clearfix\"><\/div><\/div><div class=\"prk_shortcode-title prk_break_word pulse_left_align wpb_animate_when_almost_visible wpb_pulse_fade_waypoint h2_sized\"><div class=\"header_font zero_color prk_vc_title\" style=\"margin-bottom:18px;\"><h2 style=\"font-weight:900;\">Igualdade e inclus\u00e3o<\/h2><\/div><div class=\"clearfix\"><\/div><\/div>[vc_column_text css=&#8221;&#8221; css_animation=&#8221;pulse_fade_waypoint&#8221;]<\/p>\n<ul>\n<li style=\"text-align: left;\" data-start=\"54\" data-end=\"123\">Incentivar a diversidade e garantir a igualdade de oportunidades.<\/li>\n<li style=\"text-align: left;\" data-start=\"124\" data-end=\"190\" data-is-last-node=\"\">Promover a forma\u00e7\u00e3o cont\u00ednua para o desenvolvimento de talentos.<\/li>\n<\/ul>\n<p>[\/vc_column_text]<div class=\"pulse_spacer clearfix\" style=\"height:18px;\"><\/div><div class=\"simple_line shortcoded\" style=\"border-bottom-color:#E7EBEC;border-bottom-width:150px;\"><\/div>[\/vc_column][vc_column column_height=&#8221;pulse_forced_clm&#8221; css_animation=&#8221;pls_fadeInRightBig&#8221; width=&#8221;1\/2&#8243; bg_image=&#8221;11541&#8243;][vc_column_text][\/vc_column_text][\/vc_column][\/vc_row][vc_row][vc_column width=&#8221;1\/1&#8243;]<div class=\"simple_line shortcoded\" style=\"border-bottom-width:#;\"><\/div>[\/vc_column][\/vc_row][vc_row bk_type=&#8221;pulse_full_row&#8221; top_padding=&#8221;72px&#8221; el_id=&#8221;trabalho&#8221;][vc_column col_width=&#8221;60&#8243; width=&#8221;1\/1&#8243;]<div class=\"simple_line shortcoded\" style=\"border-bottom-color:#FFFFFF;border-bottom-width:100px;\"><\/div><div class=\"prk_shortcode-title prk_break_word pulse_center_align wpb_animate_when_almost_visible wpb_pulse_fade_waypoint h5_sized\"><div class=\"header_font zero_color prk_vc_title\" style=\"color:#1E73BE;text-shadow:0px 0px 1px rgba(30, 115, 190,0.2);\"><h5 style=\"font-weight:600;\">VOC\u00ca COMPARTILHA ESSES VALORES?<\/h5><\/div><div class=\"clearfix\"><\/div><\/div><div class=\"prk_shortcode-title prk_break_word pulse_center_align wpb_animate_when_almost_visible wpb_pulse_fade_waypoint h2_sized\"><div class=\"header_font zero_color prk_vc_title\" style=\"margin-bottom:18px;\"><h2 style=\"font-weight:900;\">Junte-se a n\u00f3s<\/h2><\/div><div class=\"clearfix\"><\/div><\/div>[vc_column_text css=&#8221;&#8221; css_animation=&#8221;pulse_fade_waypoint&#8221;]<\/p>\n<p style=\"text-align: center;\" data-start=\"43\" data-end=\"129\">E contribua para construir um futuro sustent\u00e1vel e respons\u00e1vel.<\/p>\n<p style=\"text-align: center;\" data-start=\"131\" data-end=\"191\" data-is-last-node=\"\" data-is-only-node=\"\"><strong data-start=\"131\" data-end=\"191\" data-is-last-node=\"\">Descubra nossas oportunidades e candidate-se hoje mesmo!<\/strong><\/p>\n<p>[\/vc_column_text]<div class=\"simple_line shortcoded\" style=\"border-bottom-color:#FFFFFF;border-bottom-width:40px;\"><\/div>[\/vc_column][vc_column el_class=&#8221;boutonCentrer&#8221;]<div class=\"theme_button prk_large pls_shortcoded\"><a href=\"https:\/\/sf-mi.com\/pt-pt\/carreira\/\" target=\"_self\" class=\"pulse_anchor\">Junte-se a n\u00f3s<\/a><\/div><div class=\"simple_line shortcoded spacerButton\" style=\"border-bottom-color:#FFFFFF;border-bottom-width:40;margin-left:auto;margin-right:auto;\"><\/div>[\/vc_column][\/vc_row]<\/p>\n<\/div>","protected":false},"excerpt":{"rendered":"<p>[vc_row top_padding=&#8221;72px&#8221; bottom_padding=&#8221;72px&#8221; bk_element=&#8221;colored&#8221; bg_color=&#8221;#ffffff&#8221; el_id=&#8221;sobre&#8221;][vc_column width=&#8221;1\/1&#8243;][vc_column_text css=&#8221;&#8221; css_animation=&#8221;pulse_fade_waypoint&#8221; el_class=&#8221;small-9 columns small-centered&#8221;]Na SFMI, cada a\u00e7\u00e3o conta. Nossos valores \u2013 responsabilidade social, respeito ao meio ambiente, integridade e apoio \u00e0s comunidades \u2013 guiam nossas pr\u00e1ticas. Nossos Compromissos Principais:[\/vc_column_text][\/vc_column][\/vc_row][vc_row bk_type=&#8221;pulse_full_row&#8221; font_color=&#8221;#707b86&#8243; pulse_inv_cols=&#8221;yes&#8221; bg_color=&#8221;#e7ebec&#8221;][vc_column column_height=&#8221;pulse_forced_clm&#8221; css_animation=&#8221;pls_fadeInLeftBig&#8221; width=&#8221;1\/2&#8243; bg_image=&#8221;10182&#8243;][\/vc_column][vc_column col_width=&#8221;70&#8243; width=&#8221;1\/2&#8243;][vc_column_text css=&#8221;&#8221; css_animation=&#8221;pulse_fade_waypoint&#8221;] Garantir condi\u00e7\u00f5es de trabalho justas e [&hellip;]<\/p>\n","protected":false},"author":1,"featured_media":0,"parent":0,"menu_order":0,"comment_status":"closed","ping_status":"closed","template":"","meta":{"_themeisle_gutenberg_block_has_review":false,"footnotes":""},"class_list":["post-9908","page","type-page","status-publish","hentry"],"acf":[],"_links":{"self":[{"href":"https:\/\/sf-mi.com\/pt-pt\/wp-json\/wp\/v2\/pages\/9908","targetHints":{"allow":["GET"]}}],"collection":[{"href":"https:\/\/sf-mi.com\/pt-pt\/wp-json\/wp\/v2\/pages"}],"about":[{"href":"https:\/\/sf-mi.com\/pt-pt\/wp-json\/wp\/v2\/types\/page"}],"author":[{"embeddable":true,"href":"https:\/\/sf-mi.com\/pt-pt\/wp-json\/wp\/v2\/users\/1"}],"replies":[{"embeddable":true,"href":"https:\/\/sf-mi.com\/pt-pt\/wp-json\/wp\/v2\/comments?post=9908"}],"version-history":[{"count":40,"href":"https:\/\/sf-mi.com\/pt-pt\/wp-json\/wp\/v2\/pages\/9908\/revisions"}],"predecessor-version":[{"id":11603,"href":"https:\/\/sf-mi.com\/pt-pt\/wp-json\/wp\/v2\/pages\/9908\/revisions\/11603"}],"wp:attachment":[{"href":"https:\/\/sf-mi.com\/pt-pt\/wp-json\/wp\/v2\/media?parent=9908"}],"curies":[{"name":"wp","href":"https:\/\/api.w.org\/{rel}","templated":true}]}}