{"id":9922,"date":"2024-12-21T21:17:24","date_gmt":"2024-12-21T20:17:24","guid":{"rendered":"https:\/\/sf-mi.com\/informacao-juridica-e-politica-de-privacidade\/"},"modified":"2025-10-02T21:18:52","modified_gmt":"2025-10-02T19:18:52","slug":"informacao-juridica-e-politica-de-privacidade","status":"publish","type":"page","link":"https:\/\/sf-mi.com\/pt-pt\/informacao-juridica-e-politica-de-privacidade\/","title":{"rendered":"INFORMA\u00c7\u00c3O JUR\u00cdDICA E POL\u00cdTICA DE PRIVACIDADE"},"content":{"rendered":"<div class=\"wpb-content-wrapper\"><p>[vc_row][vc_column width=&#8221;1\/1&#8243;][vc_column_text css=&#8221;&#8221;]<\/p>\n<h2><strong>Aviso legal e RGPD<\/strong>:<\/h2>\n<p>&nbsp;<\/p>\n<p><strong>Editor do s\u00edtio<br \/>\n<\/strong>O s\u00edtio \u00e9 publicado por : SFMI<br \/>\nEndere\u00e7o: 5, Rue Pierre Fr\u00e9sard F-25140 Charquemont<br \/>\nTelefone: +33 (0)3 39 53 06 69<br \/>\nEmail: <a href=\"mailto:info.charquemont@sf-mi.com\">info.charquemont@sf-mi.com<\/a><br \/>\nSiret: 392 056 354 000 54<br \/>\nDiretora da publica\u00e7\u00e3o: G\u00e9raldine Tirmarche<\/p>\n<p>Hospedagem <strong>do site<\/strong><br \/>\nO site \u00e9 hospedado por : OCI<br \/>\nEndere\u00e7o: Rue Fr\u00e9d\u00e9ric Japy, 25200 Montb\u00e9liard<br \/>\nTelefone: +33 9 69 39 40 60<br \/>\nEmail: jbazin@oci.fr<\/p>\n<p><strong>Propriedade intelectual<\/strong><br \/>\nTodo o conte\u00fado deste site (textos, imagens, log\u00f3tipos, v\u00eddeos, etc.) \u00e9 propriedade exclusiva da SFMI, salvo indica\u00e7\u00e3o em contr\u00e1rio. Qualquer reprodu\u00e7\u00e3o, distribui\u00e7\u00e3o, modifica\u00e7\u00e3o ou utiliza\u00e7\u00e3o, mesmo parcial, destes elementos \u00e9 estritamente proibida sem a autoriza\u00e7\u00e3o escrita da SFMI.<\/p>\n<p>&nbsp;<\/p>\n<h2><strong>Pol\u00edtica de privacidade (RGPD)<\/strong><\/h2>\n<p>&nbsp;<\/p>\n<p><strong>Dados recolhidos<\/strong><br \/>\n. Recolhemos dados pessoais atrav\u00e9s de :<\/p>\n<ul>\n<li>Formul\u00e1rios de contacto (apelido, nome pr\u00f3prio, e-mail, telefone, mensagem)<\/li>\n<li>Subscri\u00e7\u00e3o da newsletter<\/li>\n<li>Aplica\u00e7\u00f5es em linha<\/li>\n<\/ul>\n<p>Estes dados s\u00e3o utilizados apenas para responder aos teus pedidos, para gerir as nossas intera\u00e7\u00f5es comerciais ou, com o teu consentimento, para te enviar informa\u00e7\u00f5es de marketing.<br \/>\n<strong><br \/>\nFinalidade do tratamento<\/strong><br \/>\nOs dados pessoais recolhidos s\u00e3o utilizados para :<\/p>\n<ul>\n<li>Responde aos pedidos enviados atrav\u00e9s do formul\u00e1rio de contacto.<\/li>\n<li>Gerir as candidaturas e o processo de recrutamento.<\/li>\n<li>Para forneceres informa\u00e7\u00f5es sobre os nossos produtos e servi\u00e7os.<\/li>\n<\/ul>\n<p><strong>Per\u00edodo de conserva\u00e7\u00e3o<\/strong><br \/>\nOs teus dados pessoais s\u00e3o conservados :<\/p>\n<ul>\n<li>Para as candidaturas: por um per\u00edodo m\u00e1ximo de 6 meses.<\/li>\n<li>Para contactos de clientes\/prospectos: at\u00e9 3 anos ap\u00f3s a \u00faltima intera\u00e7\u00e3o.<\/li>\n<\/ul>\n<p><strong>Os teus direitos<\/strong><br \/>\nDe acordo com o RGPD, tens os seguintes direitos:<\/p>\n<ul>\n<li><strong>Acesso<\/strong>: Podes pedir para ver os dados que temos sobre ti.<\/li>\n<li><strong>Retifica\u00e7\u00e3o<\/strong>: Podes solicitar a corre\u00e7\u00e3o de dados inexactos.<\/li>\n<li><strong>Apagamento<\/strong>: Podes solicitar o apagamento dos teus dados pessoais.<\/li>\n<li><strong>Oposi\u00e7\u00e3o<\/strong>: Podes recusar a utiliza\u00e7\u00e3o dos teus dados para fins de marketing.<\/li>\n<li><strong>Portabilidade<\/strong>: Podes receber os teus dados num formato estruturado e leg\u00edvel.<\/li>\n<\/ul>\n<p>Para exerceres os teus direitos, contacta-nos em: <a href=\"mailto:info.charquemont@sf-mi.com\">info.charquemont@sf-mi.com<\/a><\/p>\n<p><strong>Cookies<\/strong><br \/>\nUtilizamos cookies para melhorar a tua experi\u00eancia no nosso site. Podes gerir as tuas prefer\u00eancias de cookies diretamente nas defini\u00e7\u00f5es do teu browser.<\/p>\n<p><strong>Seguran\u00e7a dos dados<\/strong><br \/>\nImplementamos medidas t\u00e9cnicas e organizacionais para garantir a seguran\u00e7a dos teus dados pessoais e impedir o acesso n\u00e3o autorizado.<\/p>\n<p><strong>Contacto<\/strong><br \/>\nSe tiveres alguma d\u00favida sobre a prote\u00e7\u00e3o dos teus dados pessoais, podes contactar-nos em: <a href=\"mailto:info.charquemont@sf-mi.com\">info.charquemont@sf-mi.com<\/a>[\/vc_column_text]<div class=\"simple_line shortcoded\" style=\"border-bottom-color:#FFFFFF;border-bottom-width:140px;\"><\/div>[\/vc_column][\/vc_row]<\/p>\n<\/div>","protected":false},"excerpt":{"rendered":"<p>[vc_row][vc_column width=&#8221;1\/1&#8243;][vc_column_text css=&#8221;&#8221;] Aviso legal e RGPD: &nbsp; Editor do s\u00edtio O s\u00edtio \u00e9 publicado por : SFMI Endere\u00e7o: 5, Rue Pierre Fr\u00e9sard F-25140 Charquemont Telefone: +33 (0)3 39 53 06 69 Email: info.charquemont@sf-mi.com Siret: 392 056 354 000 54 Diretora da publica\u00e7\u00e3o: G\u00e9raldine Tirmarche Hospedagem do site O site \u00e9 hospedado por : OCI [&hellip;]<\/p>\n","protected":false},"author":1,"featured_media":0,"parent":0,"menu_order":0,"comment_status":"closed","ping_status":"closed","template":"","meta":{"_themeisle_gutenberg_block_has_review":false,"footnotes":""},"class_list":["post-9922","page","type-page","status-publish","hentry"],"acf":[],"_links":{"self":[{"href":"https:\/\/sf-mi.com\/pt-pt\/wp-json\/wp\/v2\/pages\/9922","targetHints":{"allow":["GET"]}}],"collection":[{"href":"https:\/\/sf-mi.com\/pt-pt\/wp-json\/wp\/v2\/pages"}],"about":[{"href":"https:\/\/sf-mi.com\/pt-pt\/wp-json\/wp\/v2\/types\/page"}],"author":[{"embeddable":true,"href":"https:\/\/sf-mi.com\/pt-pt\/wp-json\/wp\/v2\/users\/1"}],"replies":[{"embeddable":true,"href":"https:\/\/sf-mi.com\/pt-pt\/wp-json\/wp\/v2\/comments?post=9922"}],"version-history":[{"count":35,"href":"https:\/\/sf-mi.com\/pt-pt\/wp-json\/wp\/v2\/pages\/9922\/revisions"}],"predecessor-version":[{"id":11698,"href":"https:\/\/sf-mi.com\/pt-pt\/wp-json\/wp\/v2\/pages\/9922\/revisions\/11698"}],"wp:attachment":[{"href":"https:\/\/sf-mi.com\/pt-pt\/wp-json\/wp\/v2\/media?parent=9922"}],"curies":[{"name":"wp","href":"https:\/\/api.w.org\/{rel}","templated":true}]}}