{"id":9938,"date":"2025-01-07T19:42:14","date_gmt":"2025-01-07T18:42:14","guid":{"rendered":"https:\/\/sf-mi.com\/carreira\/"},"modified":"2025-03-06T18:56:03","modified_gmt":"2025-03-06T17:56:03","slug":"carreira","status":"publish","type":"page","link":"https:\/\/sf-mi.com\/pt-pt\/carreira\/","title":{"rendered":"CARREIRA"},"content":{"rendered":"<div class=\"wpb-content-wrapper\"><p>[vc_row top_padding=&#8221;72px&#8221; bottom_padding=&#8221;72px&#8221; bk_element=&#8221;colored&#8221; bg_color=&#8221;#ffffff&#8221; el_id=&#8221;sobre&#8221;][vc_column width=&#8221;1\/1&#8243;]<div class=\"pulse_spacer clearfix\" style=\"height:8px;\"><\/div><div class=\"prk_shortcode-title prk_break_word pulse_center_align wpb_animate_when_almost_visible wpb_pulse_fade_waypoint h5_sized\"><div class=\"header_font zero_color prk_vc_title\" style=\"color:#004795;text-shadow:0px 0px 1px rgba(0, 71, 149,0.2);\"><h5 style=\"font-weight:600;\">JUNTE-SE \u00c0 SFMI<\/h5><\/div><div class=\"clearfix\"><\/div><\/div><div class=\"prk_shortcode-title prk_break_word pulse_center_align wpb_animate_when_almost_visible wpb_pulse_fade_waypoint h3_sized\"><div class=\"header_font zero_color prk_vc_title\" style=\"color:#000000;text-shadow:0px 0px 1px rgba(0, 0, 0,0.2);margin-bottom:6px;\"><h3 style=\"font-weight:600;\">Seu Talento, Nosso Futuro<\/h3><\/div><div class=\"clearfix\"><\/div><\/div><div class=\"pulse_spacer clearfix\" style=\"height:28px;\"><\/div>[vc_column_text css=&#8221;&#8221; css_animation=&#8221;pulse_fade_waypoint&#8221; el_class=&#8221;small-9 columns small-centered&#8221;]<\/p>\n<p data-start=\"59\" data-end=\"247\">Na <strong data-start=\"62\" data-end=\"70\">SFMI<\/strong>, nossos colaboradores est\u00e3o no cora\u00e7\u00e3o do nosso sucesso. Sua expertise e paix\u00e3o moldam, todos os dias, cria\u00e7\u00f5es excepcionais que combinam inova\u00e7\u00e3o e artesanato de excel\u00eancia.<\/p>\n<h4 data-start=\"254\" data-end=\"285\"><strong data-start=\"258\" data-end=\"283\">Por que nos escolher?<\/strong><\/h4>\n<ul data-start=\"287\" data-end=\"550\">\n<li data-start=\"287\" data-end=\"368\">Contribua para projetos \u00fanicos das maiores marcas de luxo e setores t\u00e9cnicos.<\/li>\n<li data-start=\"369\" data-end=\"454\">Desenvolva suas compet\u00eancias com suporte personalizado e treinamentos sob medida.<\/li>\n<li data-start=\"455\" data-end=\"550\">Evolua em um ambiente onde precis\u00e3o, criatividade e excel\u00eancia est\u00e3o no centro de tudo.<\/li>\n<\/ul>\n<p data-start=\"552\" data-end=\"608\">Ao integrar nossa equipe, voc\u00ea ter\u00e1 a oportunidade de:<\/p>\n<ul data-start=\"610\" data-end=\"901\">\n<li data-start=\"610\" data-end=\"712\">Trabalhar em projetos excepcionais para os maiores nomes do luxo e dos setores t\u00e9cnicos exigentes.<\/li>\n<li data-start=\"713\" data-end=\"801\">Aprimorar suas habilidades com suporte personalizado e treinamento interno adaptado.<\/li>\n<li data-start=\"802\" data-end=\"901\">Contribuir para um ambiente onde a precis\u00e3o, a excel\u00eancia e a criatividade s\u00e3o valorizadas.<\/li>\n<\/ul>\n<h4 data-start=\"908\" data-end=\"958\"><strong data-start=\"912\" data-end=\"956\">Estamos em busca de talentos apaixonados<\/strong><\/h4>\n<p data-start=\"960\" data-end=\"1047\">Seja voc\u00ea iniciante ou experiente, sua motiva\u00e7\u00e3o e comprometimento fazem a diferen\u00e7a.<\/p>\n<p data-start=\"1049\" data-end=\"1144\">Junte-se \u00e0s nossas equipes em diversas \u00e1reas e traga sua energia para projetos de alto n\u00edvel.<\/p>\n<p>[\/vc_column_text]<div class=\"simple_line shortcoded\" style=\"border-bottom-color:#FFFFFF;border-bottom-width:10px;\"><\/div><div class=\"simple_line shortcoded\" style=\"border-bottom-color:#FFFFFF;border-bottom-width:30px;\"><\/div><div class=\"simple_line shortcoded\" style=\"border-bottom-color:#FFFFFF;border-bottom-width:30px;\"><\/div>[vc_column_text css=&#8221;&#8221;]\n<table id=\"tablepress-6\" class=\"tablepress tablepress-id-6\">\n<thead>\n<tr class=\"row-1\">\n\t<th class=\"column-1\">CANDIDATURA<\/th><th class=\"column-2\">SITE<\/th><th class=\"column-3\"><\/th>\n<\/tr>\n<\/thead>\n<tbody class=\"row-striping row-hover\">\n<tr class=\"row-2\">\n\t<td class=\"column-1\">Candidatura espont\u00e2nea<\/td><td class=\"column-2\">Fran\u00e7a<\/td><td class=\"column-3\"><a href=\"mailto:rh.charquemont@sf-mi.com?subject=Candidature%20spontan\u00e9e%20(Site de Charquemont (FR)\"><img decoding=\"async\" src=\"https:\/\/sf-mi.com\/wp-content\/uploads\/2025\/02\/enveloppe.png\" alt=\"Postulez\" width=\"40px\" height=\"40px\"\/><a\/><\/td>\n<\/tr>\n<tr class=\"row-3\">\n\t<td class=\"column-1\">Candidatura espont\u00e2nea<\/td><td class=\"column-2\">Su\u00ed\u00e7a<\/td><td class=\"column-3\"><a href=\"mailto:rh.noirmont@sf-mi.com?subject=Candidature%20spontan\u00e9e%20(Site de Charquemont (FR)\"><img decoding=\"async\" src=\"https:\/\/sf-mi.com\/wp-content\/uploads\/2025\/02\/enveloppe.png\" alt=\"Postulez\" width=\"40px\" height=\"40px\"\/><a\/><\/td>\n<\/tr>\n<tr class=\"row-4\">\n\t<td class=\"column-1\">Candidatura espont\u00e2ne<\/td><td class=\"column-2\">Portugal<\/td><td class=\"column-3\"><a href=\"mailto:rh.covilha@sf-mi.com?subject=Candidature%20spontan\u00e9e%20(Site de Charquemont (FR)\"><img decoding=\"async\" src=\"https:\/\/sf-mi.com\/wp-content\/uploads\/2025\/02\/enveloppe.png\" alt=\"Postulez\" width=\"40px\" height=\"40px\"\/><a\/><\/td>\n<\/tr>\n<\/tbody>\n<\/table>\n<!-- #tablepress-6 from cache -->[\/vc_column_text][vc_column_text css=&#8221;&#8221; css_animation=&#8221;pulse_fade_waypoint&#8221; el_class=&#8221;small-9 columns small-centered&#8221;]<\/p>\n<h4 data-start=\"0\" data-end=\"32\"><strong data-start=\"4\" data-end=\"30\">Por que se candidatar?<\/strong><\/h4>\n<p data-start=\"34\" data-end=\"165\">Cada candidatura \u00e9 analisada com aten\u00e7\u00e3o. Se o seu perfil corresponder \u00e0s nossas necessidades, entraremos em contato rapidamente.<\/p>\n<h4 data-start=\"172\" data-end=\"210\"><strong data-start=\"176\" data-end=\"208\">Acreditamos no seu potencial<\/strong><\/h4>\n<p data-start=\"212\" data-end=\"367\">Na SFMI, valorizamos diversidade, inclus\u00e3o e talento. Junte-se a n\u00f3s para contribuir com cria\u00e7\u00f5es excepcionais e construir seu futuro hoje mesmo.<\/p>\n<p data-start=\"369\" data-end=\"422\"><strong data-start=\"369\" data-end=\"420\">Candidate-se agora e embarque na aventura SFMI!<\/strong><\/p>\n<p>[\/vc_column_text]<div class=\"prk_service prk_service_center\" data-color=\"default\" data-default=\"default\"><i class=\" colored_link_icon small_headings_color\"><\/i><div class=\"clearfix\"><\/div><div class=\"prk_service_ctt\"><h4 class=\"big zero_color header_font prk_heavier_600\"><\/h4><div class=\"clearfix\"><\/div><div class=\"pulse_service_desc wpb_text_column prk_9_em\"><\/div><\/div><\/div><div class=\"prk_shortcode-title prk_break_word pulse_center_align wpb_animate_when_almost_visible wpb_pulse_fade_waypoint h5_sized\"><div class=\"header_font zero_color prk_vc_title\" style=\"color:#004795;text-shadow:0px 0px 1px rgba(0, 71, 149,0.2);\"><h5 style=\"font-weight:600;\">CONVIDAMOS VOC\u00ca PARA O CORA\u00c7\u00c3O DA NOSSA EMPRESA<\/h5><\/div><div class=\"clearfix\"><\/div><\/div><div class=\"prk_shortcode-title prk_break_word pulse_center_align wpb_animate_when_almost_visible wpb_pulse_fade_waypoint h3_sized\"><div class=\"header_font zero_color prk_vc_title\" style=\"color:#000000;text-shadow:0px 0px 1px rgba(0, 0, 0,0.2);margin-bottom:6px;\"><h3 style=\"font-weight:600;\">Damos voz aos nossos colaboradores.<\/h3><\/div><div class=\"clearfix\"><\/div><\/div><div class=\"simple_line shortcoded\" style=\"border-bottom-color:#FFFFFF;border-bottom-width:60px;\"><\/div><div class=\"prk_shortcode-title prk_break_word pulse_center_align wpb_animate_when_almost_visible wpb_pulse_fade_waypoint h3_sized\"><div class=\"header_font zero_color prk_vc_title\" style=\"color:#000000;text-shadow:0px 0px 1px rgba(0, 0, 0,0.2);margin-bottom:6px;\"><h3 style=\"font-weight:600;\">Depoimentos dos funcion\u00e1rios<\/h3><\/div><div class=\"clearfix\"><\/div><\/div><div class=\"simple_line shortcoded\" style=\"border-bottom-color:#FFFFFF;border-bottom-width:40px;\"><\/div>[vc_column_text css=&#8221;&#8221;]\r\n    <div>        \r\n    <video id=\"plyr69e4d7ed30887\" controls class=\"easy-video-player\">\r\n       <source src=\"https:\/\/k69l7aiwbk.preview.infomaniak.website\/wp-content\/uploads\/2025\/01\/ITW1-v2.mov\" type=\"video\/mp4\" \/>\r\n    <\/video>\r\n    <\/div>    <script>\r\n        const evplayerplyr69e4d7ed30887 = new Plyr(document.getElementById('plyr69e4d7ed30887'));\r\n        evplayerplyr69e4d7ed30887.ratio = '16:9';\r\n        evplayerplyr69e4d7ed30887.iconUrl = 'https:\/\/sf-mi.com\/wp-content\/plugins\/easy-video-player\/lib\/plyr.svg';\r\n        evplayerplyr69e4d7ed30887.blankVideo = 'https:\/\/sf-mi.com\/wp-content\/plugins\/easy-video-player\/lib\/blank.mp4';  \r\n    <\/script>[\/vc_column_text]<div class=\"simple_line shortcoded\" style=\"border-bottom-color:#FFFFFF;border-bottom-width:130px;\"><\/div><div class=\"prk_shortcode-title prk_break_word pulse_center_align wpb_animate_when_almost_visible wpb_pulse_fade_waypoint h3_sized\"><div class=\"header_font zero_color prk_vc_title\" style=\"color:#000000;text-shadow:0px 0px 1px rgba(0, 0, 0,0.2);margin-bottom:6px;\"><h3 style=\"font-weight:600;\">Depoimentos dos aprendizes<\/h3><\/div><div class=\"clearfix\"><\/div><\/div><div class=\"simple_line shortcoded\" style=\"border-bottom-color:#FFFFFF;border-bottom-width:40px;\"><\/div>[vc_column_text css=&#8221;&#8221;]\r\n    <div>        \r\n    <video id=\"plyr69e4d7ed3092f\" controls class=\"easy-video-player\">\r\n       <source src=\"https:\/\/k69l7aiwbk.preview.infomaniak.website\/wp-content\/uploads\/2025\/01\/ITW2-v2.mov\" type=\"video\/mp4\" \/>\r\n    <\/video>\r\n    <\/div>    <script>\r\n        const evplayerplyr69e4d7ed3092f = new Plyr(document.getElementById('plyr69e4d7ed3092f'));\r\n        evplayerplyr69e4d7ed3092f.ratio = '16:9';\r\n        evplayerplyr69e4d7ed3092f.iconUrl = 'https:\/\/sf-mi.com\/wp-content\/plugins\/easy-video-player\/lib\/plyr.svg';\r\n        evplayerplyr69e4d7ed3092f.blankVideo = 'https:\/\/sf-mi.com\/wp-content\/plugins\/easy-video-player\/lib\/blank.mp4';  \r\n    <\/script>[\/vc_column_text]<div class=\"simple_line shortcoded\" style=\"border-bottom-color:#FFFFFF;border-bottom-width:130px;\"><\/div><div class=\"prk_shortcode-title prk_break_word pulse_center_align wpb_animate_when_almost_visible wpb_pulse_fade_waypoint h3_sized\"><div class=\"header_font zero_color prk_vc_title\" style=\"color:#000000;text-shadow:0px 0px 1px rgba(0, 0, 0,0.2);margin-bottom:6px;\"><h3 style=\"font-weight:600;\">Treinamento no local de trabalho<\/h3><\/div><div class=\"clearfix\"><\/div><\/div><div class=\"simple_line shortcoded\" style=\"border-bottom-color:#FFFFFF;border-bottom-width:40px;\"><\/div>[vc_column_text css=&#8221;&#8221;]\r\n    <div>        \r\n    <video id=\"plyr69e4d7ed309c3\" controls class=\"easy-video-player\">\r\n       <source src=\"https:\/\/k69l7aiwbk.preview.infomaniak.website\/wp-content\/uploads\/2025\/01\/Formation-jeune-v2.mov\" type=\"video\/mp4\" \/>\r\n    <\/video>\r\n    <\/div>    <script>\r\n        const evplayerplyr69e4d7ed309c3 = new Plyr(document.getElementById('plyr69e4d7ed309c3'));\r\n        evplayerplyr69e4d7ed309c3.ratio = '16:9';\r\n        evplayerplyr69e4d7ed309c3.iconUrl = 'https:\/\/sf-mi.com\/wp-content\/plugins\/easy-video-player\/lib\/plyr.svg';\r\n        evplayerplyr69e4d7ed309c3.blankVideo = 'https:\/\/sf-mi.com\/wp-content\/plugins\/easy-video-player\/lib\/blank.mp4';  \r\n    <\/script>[\/vc_column_text][\/vc_column][\/vc_row][vc_row][vc_column width=&#8221;1\/1&#8243;][\/vc_column][\/vc_row]<\/p>\n<\/div>","protected":false},"excerpt":{"rendered":"<p>[vc_row top_padding=&#8221;72px&#8221; bottom_padding=&#8221;72px&#8221; bk_element=&#8221;colored&#8221; bg_color=&#8221;#ffffff&#8221; el_id=&#8221;sobre&#8221;][vc_column width=&#8221;1\/1&#8243;][vc_column_text css=&#8221;&#8221; css_animation=&#8221;pulse_fade_waypoint&#8221; el_class=&#8221;small-9 columns small-centered&#8221;] Na SFMI, nossos colaboradores est\u00e3o no cora\u00e7\u00e3o do nosso sucesso. Sua expertise e paix\u00e3o moldam, todos os dias, cria\u00e7\u00f5es excepcionais que combinam inova\u00e7\u00e3o e artesanato de excel\u00eancia. Por que nos escolher? Contribua para projetos \u00fanicos das maiores marcas de luxo e setores t\u00e9cnicos. [&hellip;]<\/p>\n","protected":false},"author":1,"featured_media":0,"parent":0,"menu_order":0,"comment_status":"closed","ping_status":"closed","template":"","meta":{"_themeisle_gutenberg_block_has_review":false,"footnotes":""},"class_list":["post-9938","page","type-page","status-publish","hentry"],"acf":[],"_links":{"self":[{"href":"https:\/\/sf-mi.com\/pt-pt\/wp-json\/wp\/v2\/pages\/9938","targetHints":{"allow":["GET"]}}],"collection":[{"href":"https:\/\/sf-mi.com\/pt-pt\/wp-json\/wp\/v2\/pages"}],"about":[{"href":"https:\/\/sf-mi.com\/pt-pt\/wp-json\/wp\/v2\/types\/page"}],"author":[{"embeddable":true,"href":"https:\/\/sf-mi.com\/pt-pt\/wp-json\/wp\/v2\/users\/1"}],"replies":[{"embeddable":true,"href":"https:\/\/sf-mi.com\/pt-pt\/wp-json\/wp\/v2\/comments?post=9938"}],"version-history":[{"count":33,"href":"https:\/\/sf-mi.com\/pt-pt\/wp-json\/wp\/v2\/pages\/9938\/revisions"}],"predecessor-version":[{"id":11626,"href":"https:\/\/sf-mi.com\/pt-pt\/wp-json\/wp\/v2\/pages\/9938\/revisions\/11626"}],"wp:attachment":[{"href":"https:\/\/sf-mi.com\/pt-pt\/wp-json\/wp\/v2\/media?parent=9938"}],"curies":[{"name":"wp","href":"https:\/\/api.w.org\/{rel}","templated":true}]}}